{"id":71748,"date":"2026-04-27T09:18:24","date_gmt":"2026-04-27T07:18:24","guid":{"rendered":"https:\/\/shop.vallin.lv\/product\/ecoflow-lmc4-xt60i-3-5m-portable-power-station-accessory-charging-cable\/"},"modified":"2026-04-27T09:18:24","modified_gmt":"2026-04-27T07:18:24","slug":"ecoflow-lmc4-xt60i-3-5m-portable-power-station-accessory-charging-cable","status":"publish","type":"product","link":"https:\/\/shop.vallin.lv\/lv\/products\/ecoflow-lmc4-xt60i-3-5m-portable-power-station-accessory-charging-cable\/","title":{"rendered":"EcoFlow LMC4-XT60I-3.5M Portat\u012bv\u0101s baro\u0161anas stacijas piederums Uzl\u0101des kabelis"},"content":{"rendered":"<p>EcoFlow saules uzl\u0101des kabelis (Solar to XT60i) ir paredz\u0113ts, lai savienotu saules paneli ar EcoFlow portat\u012bvo baro\u0161anas staciju, nodro\u0161inot t\u012bru un efekt\u012bvu ener\u0123ijas uzl\u0101di jebkur\u0101 viet\u0101. Kabelis ir savietojams ar DELTA un RIVER s\u0113rijas ier\u012bc\u0113m un pieejams da\u017e\u0101dos garumos (2.5 m, 3.5 m, 5 m).<\/p>","protected":false},"excerpt":{"rendered":"<p>The EcoFlow Solar Charging Cable (Solar to XT60i) is designed to connect a solar panel to an EcoFlow portable power<\/p>","protected":false},"featured_media":71748,"template":"","meta":[],"product_brand":[],"product_cat":[959],"product_tag":[],"class_list":{"0":"post-71748","1":"product","2":"type-product","3":"status-publish","4":"has-post-thumbnail","6":"product_cat-portable-power-stations","8":"first","9":"instock","10":"taxable","11":"shipping-taxable","12":"purchasable","13":"product-type-simple"},"_links":{"self":[{"href":"https:\/\/shop.vallin.lv\/lv\/wp-json\/wp\/v2\/product\/71748","targetHints":{"allow":["GET"]}}],"collection":[{"href":"https:\/\/shop.vallin.lv\/lv\/wp-json\/wp\/v2\/product"}],"about":[{"href":"https:\/\/shop.vallin.lv\/lv\/wp-json\/wp\/v2\/types\/product"}],"version-history":[{"count":0,"href":"https:\/\/shop.vallin.lv\/lv\/wp-json\/wp\/v2\/product\/71748\/revisions"}],"wp:featuredmedia":[{"embeddable":true,"href":"https:\/\/shop.vallin.lv\/lv\/wp-json\/wp\/v2\/product\/71748"}],"wp:attachment":[{"href":"https:\/\/shop.vallin.lv\/lv\/wp-json\/wp\/v2\/media?parent=71748"}],"wp:term":[{"taxonomy":"product_brand","embeddable":true,"href":"https:\/\/shop.vallin.lv\/lv\/wp-json\/wp\/v2\/product_brand?post=71748"},{"taxonomy":"product_cat","embeddable":true,"href":"https:\/\/shop.vallin.lv\/lv\/wp-json\/wp\/v2\/product_cat?post=71748"},{"taxonomy":"product_tag","embeddable":true,"href":"https:\/\/shop.vallin.lv\/lv\/wp-json\/wp\/v2\/product_tag?post=71748"}],"curies":[{"name":"wp","href":"https:\/\/api.w.org\/{rel}","templated":true}]}}