{"id":71747,"date":"2026-04-27T09:18:24","date_gmt":"2026-04-27T07:18:24","guid":{"rendered":"https:\/\/shop.vallin.lv\/product\/solar-panel-110w-5005901006-ecoflow\/"},"modified":"2026-04-27T09:18:24","modified_gmt":"2026-04-27T07:18:24","slug":"solar-panel-110w-5005901006-ecoflow","status":"publish","type":"product","link":"https:\/\/shop.vallin.lv\/lv\/products\/solar-panel-110w-5005901006-ecoflow\/","title":{"rendered":"Saules panelis 110W 5005901006 ECOFLOW"},"content":{"rendered":"<p>EcoFlow 110W saul\u0117s panel\u0117 yra ne\u0161iojamas ir sulankstomas sprendimas elektros energijai gauti vietose be prieigos prie elektros tinklo. Ji pagaminta i\u0161 auk\u0161to efektyvumo monokristalinio silicio element\u0173 ir skirta EcoFlow DELTA ir RIVER stotims bei kitiems \u012frenginiams \u012fkrauti. Panel\u0117 yra lengvai transportuojama, turi reguliuojam\u0105 atramin\u0119 kojel\u0119 optimaliam kampui \u012f saul\u0119, taip pat yra atspari vandeniui ir dulk\u0117ms (IP67). Galima sujungti kelias paneles \u012f vien\u0105 sistem\u0105, kad b\u016bt\u0173 padidinta galia. Pagrindin\u0117s savyb\u0117s: Galia: 110 W Efektyvumas: ~20\u201321 % Sulankstomas ir ne\u0161iojamas dizainas IP67 atsparumas vandeniui ir dulk\u0117ms MC4 jungtis Reguliuojamas kampas (0\u2013180\u00b0) Svoris: ~4 kg<\/p>","protected":false},"excerpt":{"rendered":"<p>Product details EcoFlow 110W Solar Panel Stay off the grid with EcoFlow 110W Solar Panel Charger. Made up of 24<\/p>","protected":false},"featured_media":71747,"template":"","meta":[],"product_brand":[],"product_cat":[959],"product_tag":[],"class_list":{"0":"post-71747","1":"product","2":"type-product","3":"status-publish","4":"has-post-thumbnail","6":"product_cat-portable-power-stations","8":"first","9":"instock","10":"taxable","11":"shipping-taxable","12":"purchasable","13":"product-type-simple"},"_links":{"self":[{"href":"https:\/\/shop.vallin.lv\/lv\/wp-json\/wp\/v2\/product\/71747","targetHints":{"allow":["GET"]}}],"collection":[{"href":"https:\/\/shop.vallin.lv\/lv\/wp-json\/wp\/v2\/product"}],"about":[{"href":"https:\/\/shop.vallin.lv\/lv\/wp-json\/wp\/v2\/types\/product"}],"version-history":[{"count":0,"href":"https:\/\/shop.vallin.lv\/lv\/wp-json\/wp\/v2\/product\/71747\/revisions"}],"wp:featuredmedia":[{"embeddable":true,"href":"https:\/\/shop.vallin.lv\/lv\/wp-json\/wp\/v2\/product\/71747"}],"wp:attachment":[{"href":"https:\/\/shop.vallin.lv\/lv\/wp-json\/wp\/v2\/media?parent=71747"}],"wp:term":[{"taxonomy":"product_brand","embeddable":true,"href":"https:\/\/shop.vallin.lv\/lv\/wp-json\/wp\/v2\/product_brand?post=71747"},{"taxonomy":"product_cat","embeddable":true,"href":"https:\/\/shop.vallin.lv\/lv\/wp-json\/wp\/v2\/product_cat?post=71747"},{"taxonomy":"product_tag","embeddable":true,"href":"https:\/\/shop.vallin.lv\/lv\/wp-json\/wp\/v2\/product_tag?post=71747"}],"curies":[{"name":"wp","href":"https:\/\/api.w.org\/{rel}","templated":true}]}}