{"id":71741,"date":"2026-04-27T08:40:32","date_gmt":"2026-04-27T06:40:32","guid":{"rendered":"https:\/\/shop.vallin.lv\/product\/portable-power-station-ecoflow-delta-2-1024wh\/"},"modified":"2026-04-27T09:18:26","modified_gmt":"2026-04-27T07:18:26","slug":"portable-power-station-ecoflow-delta-2-1024wh","status":"publish","type":"product","link":"https:\/\/shop.vallin.lv\/lv\/products\/portable-power-station-ecoflow-delta-2-1024wh\/","title":{"rendered":"Portat\u012bv\u0101 baro\u0161anas stacija EcoFlow Delta 2, 1024Wh"},"content":{"rendered":"<p>EcoFlow DELTA 2 portat\u012bv\u0101 elektrostacija ir jaud\u012bgs un uzticams ener\u0123ijas avots darbam, ce\u013cojumiem un \u0101rk\u0101rtas situ\u0101cij\u0101m. Ar 1024 Wh ietilp\u012bbu un 1800 W jaudu t\u0101 sp\u0113j darbin\u0101t l\u012bdz pat 90% sadz\u012bves ier\u012b\u010du. Stacija uzl\u0101d\u0113jas \u012bpa\u0161i \u0101tri (l\u012bdz 80% ~50 min\u016bt\u0113s) un atbalsta uzl\u0101di no t\u012bkla, auto vai saules pane\u013ciem.<\/p>\n<p>Datu lapa:<br \/>\n<a href=\"https:\/\/www.djistoreonline.com\/files\/images\/doc\/48970826647103.pdf\" target=\"_blank\" rel=\"noopener\">Skat\u012bt<\/a><\/p>","protected":false},"excerpt":{"rendered":"<p>The EcoFlow DELTA 2 portable power station is a powerful and reliable energy source for work, travel, and emergency situations.<\/p>","protected":false},"featured_media":71741,"template":"","meta":[],"product_brand":[],"product_cat":[959],"product_tag":[],"class_list":{"0":"post-71741","1":"product","2":"type-product","3":"status-publish","4":"has-post-thumbnail","6":"product_cat-portable-power-stations","8":"first","9":"instock","10":"taxable","11":"shipping-taxable","12":"purchasable","13":"product-type-simple"},"_links":{"self":[{"href":"https:\/\/shop.vallin.lv\/lv\/wp-json\/wp\/v2\/product\/71741","targetHints":{"allow":["GET"]}}],"collection":[{"href":"https:\/\/shop.vallin.lv\/lv\/wp-json\/wp\/v2\/product"}],"about":[{"href":"https:\/\/shop.vallin.lv\/lv\/wp-json\/wp\/v2\/types\/product"}],"version-history":[{"count":1,"href":"https:\/\/shop.vallin.lv\/lv\/wp-json\/wp\/v2\/product\/71741\/revisions"}],"predecessor-version":[{"id":71749,"href":"https:\/\/shop.vallin.lv\/lv\/wp-json\/wp\/v2\/product\/71741\/revisions\/71749"}],"wp:featuredmedia":[{"embeddable":true,"href":"https:\/\/shop.vallin.lv\/lv\/wp-json\/wp\/v2\/product\/71741"}],"wp:attachment":[{"href":"https:\/\/shop.vallin.lv\/lv\/wp-json\/wp\/v2\/media?parent=71741"}],"wp:term":[{"taxonomy":"product_brand","embeddable":true,"href":"https:\/\/shop.vallin.lv\/lv\/wp-json\/wp\/v2\/product_brand?post=71741"},{"taxonomy":"product_cat","embeddable":true,"href":"https:\/\/shop.vallin.lv\/lv\/wp-json\/wp\/v2\/product_cat?post=71741"},{"taxonomy":"product_tag","embeddable":true,"href":"https:\/\/shop.vallin.lv\/lv\/wp-json\/wp\/v2\/product_tag?post=71741"}],"curies":[{"name":"wp","href":"https:\/\/api.w.org\/{rel}","templated":true}]}}