{"id":71735,"date":"2026-04-27T08:07:17","date_gmt":"2026-04-27T06:07:17","guid":{"rendered":"https:\/\/shop.vallin.lv\/product\/vertical-axis-wind-turbines-made-to-order\/"},"modified":"2026-04-30T09:28:04","modified_gmt":"2026-04-30T07:28:04","slug":"vertical-axis-wind-turbines-made-to-order","status":"publish","type":"product","link":"https:\/\/shop.vallin.lv\/lv\/products\/vertical-axis-wind-turbines-made-to-order\/","title":{"rendered":"Vertik\u0101l\u0101s ass v\u0113ja turb\u012bnas p\u0113c pas\u016bt\u012bjuma"},"content":{"rendered":"","protected":false},"excerpt":{"rendered":"","protected":false},"featured_media":71735,"template":"","meta":[],"product_brand":[],"product_cat":[947],"product_tag":[],"class_list":{"0":"post-71735","1":"product","2":"type-product","3":"status-publish","4":"has-post-thumbnail","6":"product_cat-windgenerators","8":"first","9":"outofstock","10":"taxable","11":"shipping-taxable","12":"purchasable","13":"product-type-simple"},"_links":{"self":[{"href":"https:\/\/shop.vallin.lv\/lv\/wp-json\/wp\/v2\/product\/71735","targetHints":{"allow":["GET"]}}],"collection":[{"href":"https:\/\/shop.vallin.lv\/lv\/wp-json\/wp\/v2\/product"}],"about":[{"href":"https:\/\/shop.vallin.lv\/lv\/wp-json\/wp\/v2\/types\/product"}],"version-history":[{"count":0,"href":"https:\/\/shop.vallin.lv\/lv\/wp-json\/wp\/v2\/product\/71735\/revisions"}],"wp:featuredmedia":[{"embeddable":true,"href":"https:\/\/shop.vallin.lv\/lv\/wp-json\/wp\/v2\/product\/71735"}],"wp:attachment":[{"href":"https:\/\/shop.vallin.lv\/lv\/wp-json\/wp\/v2\/media?parent=71735"}],"wp:term":[{"taxonomy":"product_brand","embeddable":true,"href":"https:\/\/shop.vallin.lv\/lv\/wp-json\/wp\/v2\/product_brand?post=71735"},{"taxonomy":"product_cat","embeddable":true,"href":"https:\/\/shop.vallin.lv\/lv\/wp-json\/wp\/v2\/product_cat?post=71735"},{"taxonomy":"product_tag","embeddable":true,"href":"https:\/\/shop.vallin.lv\/lv\/wp-json\/wp\/v2\/product_tag?post=71735"}],"curies":[{"name":"wp","href":"https:\/\/api.w.org\/{rel}","templated":true}]}}