{"id":71709,"date":"2026-04-23T11:38:01","date_gmt":"2026-04-23T09:38:01","guid":{"rendered":"https:\/\/shop.vallin.lv\/product\/supersilent-diesel-generator-prp-100-kva-80-kwltp-110-kva88-kw-400v-1500-rpm\/"},"modified":"2026-04-23T11:38:01","modified_gmt":"2026-04-23T09:38:01","slug":"supersilent-diesel-generator-prp-100-kva-80-kwltp-110-kva88-kw-400v-1500-rpm","status":"publish","type":"product","link":"https:\/\/shop.vallin.lv\/lv\/products\/supersilent-diesel-generator-prp-100-kva-80-kwltp-110-kva88-kw-400v-1500-rpm\/","title":{"rendered":"SUPERSILENT d\u012bze\u013c\u0123enerators PRP 100 kVA (80 kW)|LTP 110 kVA(88 kW) | 400V | 1500 rpm"},"content":{"rendered":"<p>Augstas kvalit\u0101tes SUPERSILENT d\u012bze\u013c\u0123enerators, paredz\u0113ts nep\u0101rtrauktai elektroapg\u0101dei gan industri\u0101l\u0101m, gan komerci\u0101l\u0101m vajadz\u012bb\u0101m. Pateicoties ska\u0146as izol\u0113tam korpusam, tas nodro\u0161ina klusu darb\u012bbu un ir piem\u0113rots lieto\u0161anai ar\u012b apdz\u012bvot\u0101s teritorij\u0101s.<\/p>\n<p>\u0122enerators apr\u012bkots ar uzticamu Baudouin dzin\u0113ju un kvalitat\u012bvu Stamford alternatoru, nodro\u0161inot stabilu un efekt\u012bvu darb\u012bbu. Autom\u0101tiskais vad\u012bbas panelis ar mikroprocesoru \u013cauj \u0113rti kontrol\u0113t un uzraudz\u012bt visas iek\u0101rtas funkcijas.<\/p>\n<p>Galven\u0101s priek\u0161roc\u012bbas:<\/p>\n<p>Power: 100 kVA (80 kW) \/ max 110 kVA<br \/>\nTr\u012bsf\u0101\u017eu spriegums: 400\/230V, 50Hz<br \/>\nZems trok\u0161\u0146a l\u012bmenis (ska\u0146as izol\u0113ts korpuss)<br \/>\nFuel tank: 250 L (up to ~16 hours at 75% load)<br \/>\nAutom\u0101tiska aizsardz\u012bba (zems degvielas l\u012bmenis, e\u013c\u013cas spiediens, p\u0101rslodze u.c.)<br \/>\nLCD vad\u012bbas panelis ar att\u0101lin\u0101tas vad\u012bbas iesp\u0113j\u0101m<br \/>\nPossible to add ATS  (automatic transfer switch)<\/p>\n<p><a href=\"https:\/\/www.elcospowergenerators.com\/super-silent\/\" target=\"_blank\" rel=\"noopener\">Vair\u0101k inform\u0101cijas<\/a><\/p>\n<p>Datu lapa:<br \/>\n<a href=\"https:\/\/shop.vallin.lv\/wp-content\/uploads\/2026\/04\/18069-ge.bd_.110_100.st_.ss-011.pdf\" target=\"_blank\">Skat\u012bt<\/a><\/p>","protected":false},"excerpt":{"rendered":"<p>High-quality SUPERSILENT diesel generator, designed for continuous power supply for both industrial and commercial applications. Thanks to its soundproof canopy,<\/p>","protected":false},"featured_media":71709,"template":"","meta":[],"product_brand":[],"product_cat":[804],"product_tag":[],"class_list":{"0":"post-71709","1":"product","2":"type-product","3":"status-publish","4":"has-post-thumbnail","6":"product_cat-closed-type","8":"first","9":"outofstock","10":"taxable","11":"shipping-taxable","12":"purchasable","13":"product-type-simple"},"_links":{"self":[{"href":"https:\/\/shop.vallin.lv\/lv\/wp-json\/wp\/v2\/product\/71709","targetHints":{"allow":["GET"]}}],"collection":[{"href":"https:\/\/shop.vallin.lv\/lv\/wp-json\/wp\/v2\/product"}],"about":[{"href":"https:\/\/shop.vallin.lv\/lv\/wp-json\/wp\/v2\/types\/product"}],"version-history":[{"count":0,"href":"https:\/\/shop.vallin.lv\/lv\/wp-json\/wp\/v2\/product\/71709\/revisions"}],"wp:featuredmedia":[{"embeddable":true,"href":"https:\/\/shop.vallin.lv\/lv\/wp-json\/wp\/v2\/product\/71709"}],"wp:attachment":[{"href":"https:\/\/shop.vallin.lv\/lv\/wp-json\/wp\/v2\/media?parent=71709"}],"wp:term":[{"taxonomy":"product_brand","embeddable":true,"href":"https:\/\/shop.vallin.lv\/lv\/wp-json\/wp\/v2\/product_brand?post=71709"},{"taxonomy":"product_cat","embeddable":true,"href":"https:\/\/shop.vallin.lv\/lv\/wp-json\/wp\/v2\/product_cat?post=71709"},{"taxonomy":"product_tag","embeddable":true,"href":"https:\/\/shop.vallin.lv\/lv\/wp-json\/wp\/v2\/product_tag?post=71709"}],"curies":[{"name":"wp","href":"https:\/\/api.w.org\/{rel}","templated":true}]}}