{"id":71703,"date":"2026-04-23T10:58:52","date_gmt":"2026-04-23T08:58:52","guid":{"rendered":"https:\/\/shop.vallin.lv\/product\/supersilent-diesel-generator-prp-625-kva-50-kwltp-67-kva53-6-kw-400v-1500-rpm\/"},"modified":"2026-04-23T11:38:05","modified_gmt":"2026-04-23T09:38:05","slug":"supersilent-diesel-generator-prp-625-kva-50-kwltp-67-kva53-6-kw-400v-1500-rpm","status":"publish","type":"product","link":"https:\/\/shop.vallin.lv\/lv\/products\/supersilent-diesel-generator-prp-625-kva-50-kwltp-67-kva53-6-kw-400v-1500-rpm\/","title":{"rendered":"SUPERSILENT d\u012bze\u013c\u0123enerators PRP 62,5 kVA (50 kW)|LTP 67 kVA(53.6 kW) | 400V | 1500 rpm"},"content":{"rendered":"<p>Augstas kvalit\u0101tes SUPERSILENT d\u012bze\u013c\u0123enerators, paredz\u0113ts nep\u0101rtrauktai elektroapg\u0101dei gan industri\u0101l\u0101m, gan komerci\u0101l\u0101m vajadz\u012bb\u0101m. Pateicoties ska\u0146as izol\u0113tam korpusam, tas nodro\u0161ina klusu darb\u012bbu un ir piem\u0113rots lieto\u0161anai ar\u012b apdz\u012bvot\u0101s teritorij\u0101s.<br \/>\n\u0122enerators apr\u012bkots ar uzticamu Baudouin dzin\u0113ju un kvalitat\u012bvu Stamford alternatoru, nodro\u0161inot stabilu un efekt\u012bvu darb\u012bbu. Autom\u0101tiskais vad\u012bbas panelis ar mikroprocesoru \u013cauj \u0113rti kontrol\u0113t un uzraudz\u012bt visas iek\u0101rtas funkcijas.<br \/>\nGalven\u0101s priek\u0161roc\u012bbas:<br \/>\nPower: 62.5 kVA (50 kW) \/ max 67 kVA<br \/>\nTr\u012bsf\u0101\u017eu spriegums: 400\/230V, 50Hz<br \/>\nZems trok\u0161\u0146a l\u012bmenis (ska\u0146as izol\u0113ts korpuss)<br \/>\nFuel tank: 250 L (up to ~23 hours at 75% load)<br \/>\nAutom\u0101tiska aizsardz\u012bba (zems degvielas l\u012bmenis, e\u013c\u013cas spiediens, p\u0101rslodze u.c.)<br \/>\nLCD control panel with remote monitoring capabilities. Possable to add ATS  (automatic transfer switch)<\/p>\n<p>Ide\u0101ls risin\u0101jums b\u016bvniec\u012bbai, ra\u017eo\u0161anai, serveru telp\u0101m un rezerves elektroapg\u0101dei.<\/p>\n<p><a href=\"https:\/\/www.elcospowergenerators.com\/super-silent\/\" target=\"_blank\" rel=\"noopener\">Vair\u0101k inform\u0101cijas<\/a><\/p>\n<p>Datu lapa:<br \/>\n<a href=\"https:\/\/shop.vallin.lv\/wp-content\/uploads\/2026\/04\/16701-GE.BD_.065_060.SSpiu011-en-2.pdf\" target=\"_blank\">Skat\u012bt<\/a><\/p>","protected":false},"excerpt":{"rendered":"<p>High-quality SUPERSILENT diesel generator, designed for continuous power supply for both industrial and commercial applications. Thanks to its soundproof canopy,<\/p>","protected":false},"featured_media":71703,"template":"","meta":[],"product_brand":[],"product_cat":[804],"product_tag":[],"class_list":{"0":"post-71703","1":"product","2":"type-product","3":"status-publish","4":"has-post-thumbnail","6":"product_cat-closed-type","8":"first","9":"outofstock","10":"taxable","11":"shipping-taxable","12":"purchasable","13":"product-type-simple"},"_links":{"self":[{"href":"https:\/\/shop.vallin.lv\/lv\/wp-json\/wp\/v2\/product\/71703","targetHints":{"allow":["GET"]}}],"collection":[{"href":"https:\/\/shop.vallin.lv\/lv\/wp-json\/wp\/v2\/product"}],"about":[{"href":"https:\/\/shop.vallin.lv\/lv\/wp-json\/wp\/v2\/types\/product"}],"version-history":[{"count":1,"href":"https:\/\/shop.vallin.lv\/lv\/wp-json\/wp\/v2\/product\/71703\/revisions"}],"predecessor-version":[{"id":71712,"href":"https:\/\/shop.vallin.lv\/lv\/wp-json\/wp\/v2\/product\/71703\/revisions\/71712"}],"wp:featuredmedia":[{"embeddable":true,"href":"https:\/\/shop.vallin.lv\/lv\/wp-json\/wp\/v2\/product\/71703"}],"wp:attachment":[{"href":"https:\/\/shop.vallin.lv\/lv\/wp-json\/wp\/v2\/media?parent=71703"}],"wp:term":[{"taxonomy":"product_brand","embeddable":true,"href":"https:\/\/shop.vallin.lv\/lv\/wp-json\/wp\/v2\/product_brand?post=71703"},{"taxonomy":"product_cat","embeddable":true,"href":"https:\/\/shop.vallin.lv\/lv\/wp-json\/wp\/v2\/product_cat?post=71703"},{"taxonomy":"product_tag","embeddable":true,"href":"https:\/\/shop.vallin.lv\/lv\/wp-json\/wp\/v2\/product_tag?post=71703"}],"curies":[{"name":"wp","href":"https:\/\/api.w.org\/{rel}","templated":true}]}}