{"id":71544,"date":"2026-04-21T12:00:19","date_gmt":"2026-04-21T10:00:19","guid":{"rendered":"https:\/\/shop.vallin.lv\/product\/office-home-800\/"},"modified":"2026-04-22T09:50:05","modified_gmt":"2026-04-22T07:50:05","slug":"office-home-800","status":"publish","type":"product","link":"https:\/\/shop.vallin.lv\/lv\/products\/office-home-800\/","title":{"rendered":"OFFICE Home 800"},"content":{"rendered":"<p>OFFICE Home no EFFEKTA\u00ae aizsarg\u0101 j\u016bsu biroja apr\u012bkojumu, piem\u0113ram, datorus un to perif\u0113rijas ier\u012bces, pret elektroapg\u0101des p\u0101rtraukumiem. \u0160\u012b UPS kompaktie izm\u0113ri nodro\u0161ina, ka to var eleganti integr\u0113t pat \u013coti ierobe\u017eot\u0101 telp\u0101. V\u0113l viena \u0161\u012bs UPS \u012bpa\u0161\u012bba ir integr\u0113t\u0101 kombin\u0113t\u0101 kontaktligzdu sloksne. Taj\u0101 ir 3 Schuko kontaktligzdas ar UPS funkciju un 3 Schuko kontaktligzdas ar p\u0101rsprieguma aizsardz\u012bbu. Visa b\u016btisk\u0101 inform\u0101cija tiek att\u0113lota apgaismot\u0101 LCD displej\u0101 ar sk\u0101rienvad\u012bbu.<\/p>\n<p><a href=\"https:\/\/www.effekta.com\/en\/product-overview\/line-interactive-vfd-office-home-series-ups\/\" target=\"_blank\" rel=\"noopener\">Vair\u0101k inform\u0101cijas<\/a><\/p>\n<p>Datu lapa:<br \/>\n<a href=\"https:\/\/shop.vallin.lv\/wp-content\/uploads\/2026\/04\/Line-Interactive_VFD_Office-Home_series-3.pdf\" target=\"_blank\">Skat\u012bt<\/a><\/p>","protected":false},"excerpt":{"rendered":"<p>The OFFICE Home from EFFEKTA\u00ae protects your office equipment, such as PCs and their peripherals, against power outages. The compact<\/p>","protected":false},"featured_media":71544,"template":"","meta":[],"product_brand":[],"product_cat":[950],"product_tag":[],"class_list":{"0":"post-71544","1":"product","2":"type-product","3":"status-publish","4":"has-post-thumbnail","6":"product_cat-home-series-800-va","8":"first","9":"outofstock","10":"taxable","11":"shipping-taxable","12":"purchasable","13":"product-type-simple"},"_links":{"self":[{"href":"https:\/\/shop.vallin.lv\/lv\/wp-json\/wp\/v2\/product\/71544","targetHints":{"allow":["GET"]}}],"collection":[{"href":"https:\/\/shop.vallin.lv\/lv\/wp-json\/wp\/v2\/product"}],"about":[{"href":"https:\/\/shop.vallin.lv\/lv\/wp-json\/wp\/v2\/types\/product"}],"version-history":[{"count":1,"href":"https:\/\/shop.vallin.lv\/lv\/wp-json\/wp\/v2\/product\/71544\/revisions"}],"predecessor-version":[{"id":71548,"href":"https:\/\/shop.vallin.lv\/lv\/wp-json\/wp\/v2\/product\/71544\/revisions\/71548"}],"wp:featuredmedia":[{"embeddable":true,"href":"https:\/\/shop.vallin.lv\/lv\/wp-json\/wp\/v2\/product\/71544"}],"wp:attachment":[{"href":"https:\/\/shop.vallin.lv\/lv\/wp-json\/wp\/v2\/media?parent=71544"}],"wp:term":[{"taxonomy":"product_brand","embeddable":true,"href":"https:\/\/shop.vallin.lv\/lv\/wp-json\/wp\/v2\/product_brand?post=71544"},{"taxonomy":"product_cat","embeddable":true,"href":"https:\/\/shop.vallin.lv\/lv\/wp-json\/wp\/v2\/product_cat?post=71544"},{"taxonomy":"product_tag","embeddable":true,"href":"https:\/\/shop.vallin.lv\/lv\/wp-json\/wp\/v2\/product_tag?post=71544"}],"curies":[{"name":"wp","href":"https:\/\/api.w.org\/{rel}","templated":true}]}}