{"id":71447,"date":"2026-04-17T14:50:09","date_gmt":"2026-04-17T12:50:09","guid":{"rendered":"https:\/\/shop.vallin.lv\/product\/super-power-inverter-portable-genset-8-kva-72-kw-230v-electric-start\/"},"modified":"2026-04-20T08:22:34","modified_gmt":"2026-04-20T06:22:34","slug":"super-power-inverter-portable-genset-8-kva-72-kw-230v-electric-start","status":"publish","type":"product","link":"https:\/\/shop.vallin.lv\/lv\/products\/super-power-inverter-portable-genset-8-kva-72-kw-230v-electric-start\/","title":{"rendered":"Super Power invertora portat\u012bvais \u0123enerators 8 kVA \/ 7,2 kW, 230V, elektrisk\u0101 iedarbin\u0101\u0161ana"},"content":{"rendered":"<p>CGM8000IE Augstas jaudas inverter \u0123enerators; Jauda: 8,0 kVA \/ 7,2 kW; Spriegums: 230V; Starteris: elektrisk\u0101<\/p>\n<p><a href=\"https:\/\/www.cgmitalia.it\/en\/portable-generating-sets\/quiet-portable-generators\" target=\"_blank\" rel=\"noopener\">Vair\u0101k inform\u0101cijas<\/a><\/p>\n<p>Datu lapa:<br \/>\n<a href=\"https:\/\/shop.vallin.lv\/wp-content\/uploads\/2026\/04\/portable-invertor-generator-8000ie.pdf\" target=\"_blank\">Skat\u012bt<\/a><\/p>","protected":false},"excerpt":{"rendered":"<p>CGM8000IE High-power inverter generator; Power: 8.0 kVA \/ 7.2 kW; Voltage: 230V; Starter: electric More information Data Sheet: View<\/p>","protected":false},"featured_media":71447,"template":"","meta":[],"product_brand":[],"product_cat":[801],"product_tag":[],"class_list":{"0":"post-71447","1":"product","2":"type-product","3":"status-publish","4":"has-post-thumbnail","6":"product_cat-petrol","8":"first","9":"outofstock","10":"taxable","11":"shipping-taxable","12":"purchasable","13":"product-type-simple"},"_links":{"self":[{"href":"https:\/\/shop.vallin.lv\/lv\/wp-json\/wp\/v2\/product\/71447","targetHints":{"allow":["GET"]}}],"collection":[{"href":"https:\/\/shop.vallin.lv\/lv\/wp-json\/wp\/v2\/product"}],"about":[{"href":"https:\/\/shop.vallin.lv\/lv\/wp-json\/wp\/v2\/types\/product"}],"version-history":[{"count":1,"href":"https:\/\/shop.vallin.lv\/lv\/wp-json\/wp\/v2\/product\/71447\/revisions"}],"predecessor-version":[{"id":71505,"href":"https:\/\/shop.vallin.lv\/lv\/wp-json\/wp\/v2\/product\/71447\/revisions\/71505"}],"wp:featuredmedia":[{"embeddable":true,"href":"https:\/\/shop.vallin.lv\/lv\/wp-json\/wp\/v2\/product\/71447"}],"wp:attachment":[{"href":"https:\/\/shop.vallin.lv\/lv\/wp-json\/wp\/v2\/media?parent=71447"}],"wp:term":[{"taxonomy":"product_brand","embeddable":true,"href":"https:\/\/shop.vallin.lv\/lv\/wp-json\/wp\/v2\/product_brand?post=71447"},{"taxonomy":"product_cat","embeddable":true,"href":"https:\/\/shop.vallin.lv\/lv\/wp-json\/wp\/v2\/product_cat?post=71447"},{"taxonomy":"product_tag","embeddable":true,"href":"https:\/\/shop.vallin.lv\/lv\/wp-json\/wp\/v2\/product_tag?post=71447"}],"curies":[{"name":"wp","href":"https:\/\/api.w.org\/{rel}","templated":true}]}}