{"id":71444,"date":"2026-04-17T14:50:08","date_gmt":"2026-04-17T12:50:08","guid":{"rendered":"https:\/\/shop.vallin.lv\/product\/super-power-inverter-portable-genset-33-kva-3-kw-230v-manual-start\/"},"modified":"2026-04-20T15:02:20","modified_gmt":"2026-04-20T13:02:20","slug":"super-power-inverter-portable-genset-33-kva-3-kw-230v-manual-start","status":"publish","type":"product","link":"https:\/\/shop.vallin.lv\/lv\/products\/super-power-inverter-portable-genset-33-kva-3-kw-230v-manual-start\/","title":{"rendered":"Super Power invertora portat\u012bvais \u0123enerators 3,3 kVA \/ 3 kW, 230V, manu\u0101l\u0101 iedarbin\u0101\u0161ana"},"content":{"rendered":"<p>CGM3300I Inverter \u0123enerators ar stabilu spriegumu; Jauda: 3,3 kVA \/ 3,0 kW; Spriegums: 230V; Starteris: manu\u0101l\u0101<\/p>\n<p><a href=\"https:\/\/www.cgmitalia.it\/en\/portable-generating-sets\/quiet-portable-generators\" target=\"_blank\" rel=\"noopener\">Vair\u0101k inform\u0101cijas<\/a><\/p>\n<p>Datu lapa:<br \/>\n<a href=\"https:\/\/shop.vallin.lv\/wp-content\/uploads\/2026\/04\/portable-invertor-generator-3300i.pdf\" target=\"_blank\">Skat\u012bt<\/a><\/p>","protected":false},"excerpt":{"rendered":"<p>CGM3300I Inverter generator with stable voltage; Power: 3.3 kVA \/ 3.0 kW; Voltage: 230V; Starter: manual More information Data Sheet:<\/p>","protected":false},"featured_media":71444,"template":"","meta":[],"product_brand":[],"product_cat":[801],"product_tag":[],"class_list":{"0":"post-71444","1":"product","2":"type-product","3":"status-publish","4":"has-post-thumbnail","6":"product_cat-petrol","8":"first","9":"outofstock","10":"taxable","11":"shipping-taxable","12":"purchasable","13":"product-type-simple"},"_links":{"self":[{"href":"https:\/\/shop.vallin.lv\/lv\/wp-json\/wp\/v2\/product\/71444","targetHints":{"allow":["GET"]}}],"collection":[{"href":"https:\/\/shop.vallin.lv\/lv\/wp-json\/wp\/v2\/product"}],"about":[{"href":"https:\/\/shop.vallin.lv\/lv\/wp-json\/wp\/v2\/types\/product"}],"version-history":[{"count":1,"href":"https:\/\/shop.vallin.lv\/lv\/wp-json\/wp\/v2\/product\/71444\/revisions"}],"predecessor-version":[{"id":71502,"href":"https:\/\/shop.vallin.lv\/lv\/wp-json\/wp\/v2\/product\/71444\/revisions\/71502"}],"wp:featuredmedia":[{"embeddable":true,"href":"https:\/\/shop.vallin.lv\/lv\/wp-json\/wp\/v2\/product\/71444"}],"wp:attachment":[{"href":"https:\/\/shop.vallin.lv\/lv\/wp-json\/wp\/v2\/media?parent=71444"}],"wp:term":[{"taxonomy":"product_brand","embeddable":true,"href":"https:\/\/shop.vallin.lv\/lv\/wp-json\/wp\/v2\/product_brand?post=71444"},{"taxonomy":"product_cat","embeddable":true,"href":"https:\/\/shop.vallin.lv\/lv\/wp-json\/wp\/v2\/product_cat?post=71444"},{"taxonomy":"product_tag","embeddable":true,"href":"https:\/\/shop.vallin.lv\/lv\/wp-json\/wp\/v2\/product_tag?post=71444"}],"curies":[{"name":"wp","href":"https:\/\/api.w.org\/{rel}","templated":true}]}}