{"id":71436,"date":"2026-04-17T14:50:05","date_gmt":"2026-04-17T12:50:05","guid":{"rendered":"https:\/\/shop.vallin.lv\/product\/super-power-portable-genset-6-kva-54-kw-230v-electric-start\/"},"modified":"2026-04-20T08:22:32","modified_gmt":"2026-04-20T06:22:32","slug":"super-power-portable-genset-6-kva-54-kw-230v-electric-start","status":"publish","type":"product","link":"https:\/\/shop.vallin.lv\/lv\/products\/super-power-portable-genset-6-kva-54-kw-230v-electric-start\/","title":{"rendered":"Super Power portat\u012bvais \u0123enerators 6 kVA \/ 5,4 kW, 230V, elektrisk\u0101 iedarbin\u0101\u0161ana"},"content":{"rendered":"<p>CGM6000SPE Modelis ar elektrisko startu \u0113rt\u0101kai lieto\u0161anai; Jauda: 6,0 kVA \/ 5,4 kW; Spriegums: 230V; Starteris: elektrisk\u0101 + manu\u0101l\u0101<\/p>\n<p><a href=\"https:\/\/www.cgmitalia.it\/en\/portable-generating-sets\/quiet-portable-generators\" target=\"_blank\" rel=\"noopener\">Vair\u0101k inform\u0101cijas<\/a><\/p>\n<p>Datu lapa:<br \/>\n<a href=\"https:\/\/shop.vallin.lv\/wp-content\/uploads\/2026\/04\/portable-generator-6000spe.pdf\" target=\"_blank\">Skat\u012bt<\/a><\/p>","protected":false},"excerpt":{"rendered":"<p>CGM6000SPE Modelis ar elektrisko startu \u0113rt\u0101kai lieto\u0161anai; Jauda: 6,0 kVA \/ 5,4 kW; Spriegums: 230V; Starteris: elektrisk\u0101 + manu\u0101l\u0101<\/p>","protected":false},"featured_media":71436,"template":"","meta":[],"product_brand":[],"product_cat":[801],"product_tag":[],"class_list":{"0":"post-71436","1":"product","2":"type-product","3":"status-publish","4":"has-post-thumbnail","6":"product_cat-petrol","8":"first","9":"outofstock","10":"taxable","11":"shipping-taxable","12":"purchasable","13":"product-type-simple"},"_links":{"self":[{"href":"https:\/\/shop.vallin.lv\/lv\/wp-json\/wp\/v2\/product\/71436","targetHints":{"allow":["GET"]}}],"collection":[{"href":"https:\/\/shop.vallin.lv\/lv\/wp-json\/wp\/v2\/product"}],"about":[{"href":"https:\/\/shop.vallin.lv\/lv\/wp-json\/wp\/v2\/types\/product"}],"version-history":[{"count":1,"href":"https:\/\/shop.vallin.lv\/lv\/wp-json\/wp\/v2\/product\/71436\/revisions"}],"predecessor-version":[{"id":71494,"href":"https:\/\/shop.vallin.lv\/lv\/wp-json\/wp\/v2\/product\/71436\/revisions\/71494"}],"wp:featuredmedia":[{"embeddable":true,"href":"https:\/\/shop.vallin.lv\/lv\/wp-json\/wp\/v2\/product\/71436"}],"wp:attachment":[{"href":"https:\/\/shop.vallin.lv\/lv\/wp-json\/wp\/v2\/media?parent=71436"}],"wp:term":[{"taxonomy":"product_brand","embeddable":true,"href":"https:\/\/shop.vallin.lv\/lv\/wp-json\/wp\/v2\/product_brand?post=71436"},{"taxonomy":"product_cat","embeddable":true,"href":"https:\/\/shop.vallin.lv\/lv\/wp-json\/wp\/v2\/product_cat?post=71436"},{"taxonomy":"product_tag","embeddable":true,"href":"https:\/\/shop.vallin.lv\/lv\/wp-json\/wp\/v2\/product_tag?post=71436"}],"curies":[{"name":"wp","href":"https:\/\/api.w.org\/{rel}","templated":true}]}}