{"id":41233,"date":"2025-12-12T13:42:08","date_gmt":"2025-12-12T11:42:08","guid":{"rendered":"https:\/\/shop.vallin.lv\/product\/insulating-blanket-class-0-230-x-130-mm-up-to-1-kv-ac-15-kv-dc\/"},"modified":"2026-03-12T14:15:40","modified_gmt":"2026-03-12T12:15:40","slug":"insulating-blanket-class-0-230-x-130-mm-up-to-1-kv-ac-15-kv-dc","status":"publish","type":"product","link":"https:\/\/shop.vallin.lv\/lv\/products\/insulating-blanket-class-0-230-x-130-mm-up-to-1-kv-ac-15-kv-dc\/","title":{"rendered":"Izol\u0101cijas sega, klase 0, 230 x 130 mm, l\u012bdz 1 kV mai\u0146str\u0101va \/ 1,5 kV DC"},"content":{"rendered":"<p>The Class 0 insulating blanket is an essential solution for companies operating in the power and electrical sector. Designed for live work up to 1 kV AC or 1.5 kV DC, it provides effective insulation and the highest level of protection for professionals working under voltage.<\/p>\n<p>Datu lapa:<br \/>\n<a href=\"https:\/\/hubix.pl\/en\/search\/insulating-blanket-class-0-230-x-130-mm-up-to-1-kv-ac-15-kv-dc.html\" target=\"_blank\">Skat\u012bt<\/a><\/p>","protected":false},"excerpt":{"rendered":"<p>The Class 0 insulating blanket is an essential solution for companies operating in the power and electrical sector. Designed for<\/p>","protected":false},"featured_media":41233,"template":"","meta":[],"product_brand":[],"product_cat":[862],"product_tag":[],"class_list":{"0":"post-41233","1":"product","2":"type-product","3":"status-publish","4":"has-post-thumbnail","6":"product_cat-for-work-up-to-1kv","8":"first","9":"outofstock","10":"taxable","11":"shipping-taxable","12":"purchasable","13":"product-type-simple"},"_links":{"self":[{"href":"https:\/\/shop.vallin.lv\/lv\/wp-json\/wp\/v2\/product\/41233","targetHints":{"allow":["GET"]}}],"collection":[{"href":"https:\/\/shop.vallin.lv\/lv\/wp-json\/wp\/v2\/product"}],"about":[{"href":"https:\/\/shop.vallin.lv\/lv\/wp-json\/wp\/v2\/types\/product"}],"version-history":[{"count":1,"href":"https:\/\/shop.vallin.lv\/lv\/wp-json\/wp\/v2\/product\/41233\/revisions"}],"predecessor-version":[{"id":41969,"href":"https:\/\/shop.vallin.lv\/lv\/wp-json\/wp\/v2\/product\/41233\/revisions\/41969"}],"wp:featuredmedia":[{"embeddable":true,"href":"https:\/\/shop.vallin.lv\/lv\/wp-json\/wp\/v2\/product\/41233"}],"wp:attachment":[{"href":"https:\/\/shop.vallin.lv\/lv\/wp-json\/wp\/v2\/media?parent=41233"}],"wp:term":[{"taxonomy":"product_brand","embeddable":true,"href":"https:\/\/shop.vallin.lv\/lv\/wp-json\/wp\/v2\/product_brand?post=41233"},{"taxonomy":"product_cat","embeddable":true,"href":"https:\/\/shop.vallin.lv\/lv\/wp-json\/wp\/v2\/product_cat?post=41233"},{"taxonomy":"product_tag","embeddable":true,"href":"https:\/\/shop.vallin.lv\/lv\/wp-json\/wp\/v2\/product_tag?post=41233"}],"curies":[{"name":"wp","href":"https:\/\/api.w.org\/{rel}","templated":true}]}}