{"id":41227,"date":"2025-12-12T13:42:02","date_gmt":"2025-12-12T11:42:02","guid":{"rendered":"https:\/\/shop.vallin.lv\/product\/insulating-wire-end-cap-dia30-mm\/"},"modified":"2026-03-12T14:16:03","modified_gmt":"2026-03-12T12:16:03","slug":"insulating-wire-end-cap-dia30-mm","status":"publish","type":"product","link":"https:\/\/shop.vallin.lv\/lv\/products\/insulating-wire-end-cap-dia30-mm\/","title":{"rendered":"Izol\u0113jo\u0161s elast\u012bgs vadu galu p\u0101rsegs, \u00d8=30 mm"},"content":{"rendered":"<p>Flexible end caps are used for live work up to 1 000 V AC or up to 1 500 V DC. The covers are designed to protect the ends of wires and cables at switchgear devices, cable lines and overhead lines.<\/p>\n<p>Datu lapa:<br \/>\n<a href=\"https:\/\/hubix.pl\/en\/search\/insulating-wire-end-cap-dia30-mm.html\" target=\"_blank\">Skat\u012bt<\/a><\/p>","protected":false},"excerpt":{"rendered":"<p>Flexible end caps are used for live work up to 1 000 V AC or up to 1 500 V<\/p>","protected":false},"featured_media":41227,"template":"","meta":[],"product_brand":[],"product_cat":[862],"product_tag":[],"class_list":{"0":"post-41227","1":"product","2":"type-product","3":"status-publish","4":"has-post-thumbnail","6":"product_cat-for-work-up-to-1kv","8":"first","9":"outofstock","10":"taxable","11":"shipping-taxable","12":"purchasable","13":"product-type-simple"},"_links":{"self":[{"href":"https:\/\/shop.vallin.lv\/lv\/wp-json\/wp\/v2\/product\/41227","targetHints":{"allow":["GET"]}}],"collection":[{"href":"https:\/\/shop.vallin.lv\/lv\/wp-json\/wp\/v2\/product"}],"about":[{"href":"https:\/\/shop.vallin.lv\/lv\/wp-json\/wp\/v2\/types\/product"}],"version-history":[{"count":1,"href":"https:\/\/shop.vallin.lv\/lv\/wp-json\/wp\/v2\/product\/41227\/revisions"}],"predecessor-version":[{"id":41963,"href":"https:\/\/shop.vallin.lv\/lv\/wp-json\/wp\/v2\/product\/41227\/revisions\/41963"}],"wp:featuredmedia":[{"embeddable":true,"href":"https:\/\/shop.vallin.lv\/lv\/wp-json\/wp\/v2\/product\/41227"}],"wp:attachment":[{"href":"https:\/\/shop.vallin.lv\/lv\/wp-json\/wp\/v2\/media?parent=41227"}],"wp:term":[{"taxonomy":"product_brand","embeddable":true,"href":"https:\/\/shop.vallin.lv\/lv\/wp-json\/wp\/v2\/product_brand?post=41227"},{"taxonomy":"product_cat","embeddable":true,"href":"https:\/\/shop.vallin.lv\/lv\/wp-json\/wp\/v2\/product_cat?post=41227"},{"taxonomy":"product_tag","embeddable":true,"href":"https:\/\/shop.vallin.lv\/lv\/wp-json\/wp\/v2\/product_tag?post=41227"}],"curies":[{"name":"wp","href":"https:\/\/api.w.org\/{rel}","templated":true}]}}