{"id":41204,"date":"2025-12-12T13:41:49","date_gmt":"2025-12-12T11:41:49","guid":{"rendered":"https:\/\/shop.vallin.lv\/product\/insulating-narrow-nozzle-with-bristle\/"},"modified":"2026-03-12T14:18:15","modified_gmt":"2026-03-12T12:18:15","slug":"insulating-narrow-nozzle-with-bristle","status":"publish","type":"product","link":"https:\/\/shop.vallin.lv\/lv\/products\/insulating-narrow-nozzle-with-bristle\/","title":{"rendered":"Izol\u0113jo\u0161a \u0161aura sprausla ar sariem"},"content":{"rendered":"<p>Datu lapa:<br \/>\n<a href=\"https:\/\/hubix.pl\/en\/search\/insulating-narrow-nozzle-with-bristle.html\" target=\"_blank\" rel=\"noopener\">Skat\u012bt<\/a><\/p>","protected":false},"excerpt":{"rendered":"<p>Data Sheet: View<\/p>","protected":false},"featured_media":41204,"template":"","meta":[],"product_brand":[],"product_cat":[862],"product_tag":[],"class_list":{"0":"post-41204","1":"product","2":"type-product","3":"status-publish","4":"has-post-thumbnail","6":"product_cat-for-work-up-to-1kv","8":"first","9":"outofstock","10":"taxable","11":"shipping-taxable","12":"purchasable","13":"product-type-simple"},"_links":{"self":[{"href":"https:\/\/shop.vallin.lv\/lv\/wp-json\/wp\/v2\/product\/41204","targetHints":{"allow":["GET"]}}],"collection":[{"href":"https:\/\/shop.vallin.lv\/lv\/wp-json\/wp\/v2\/product"}],"about":[{"href":"https:\/\/shop.vallin.lv\/lv\/wp-json\/wp\/v2\/types\/product"}],"version-history":[{"count":1,"href":"https:\/\/shop.vallin.lv\/lv\/wp-json\/wp\/v2\/product\/41204\/revisions"}],"predecessor-version":[{"id":41940,"href":"https:\/\/shop.vallin.lv\/lv\/wp-json\/wp\/v2\/product\/41204\/revisions\/41940"}],"wp:featuredmedia":[{"embeddable":true,"href":"https:\/\/shop.vallin.lv\/lv\/wp-json\/wp\/v2\/product\/41204"}],"wp:attachment":[{"href":"https:\/\/shop.vallin.lv\/lv\/wp-json\/wp\/v2\/media?parent=41204"}],"wp:term":[{"taxonomy":"product_brand","embeddable":true,"href":"https:\/\/shop.vallin.lv\/lv\/wp-json\/wp\/v2\/product_brand?post=41204"},{"taxonomy":"product_cat","embeddable":true,"href":"https:\/\/shop.vallin.lv\/lv\/wp-json\/wp\/v2\/product_cat?post=41204"},{"taxonomy":"product_tag","embeddable":true,"href":"https:\/\/shop.vallin.lv\/lv\/wp-json\/wp\/v2\/product_tag?post=41204"}],"curies":[{"name":"wp","href":"https:\/\/api.w.org\/{rel}","templated":true}]}}