{"id":41202,"date":"2025-12-12T13:41:48","date_gmt":"2025-12-12T11:41:48","guid":{"rendered":"https:\/\/shop.vallin.lv\/product\/insulating-narrow-bristle-nozzle\/"},"modified":"2026-03-12T14:16:23","modified_gmt":"2026-03-12T12:16:23","slug":"insulating-narrow-bristle-nozzle","status":"publish","type":"product","link":"https:\/\/shop.vallin.lv\/lv\/products\/insulating-narrow-bristle-nozzle\/","title":{"rendered":"Izol\u0113jo\u0161a \u0161aura sprausla ar sariem"},"content":{"rendered":"<p>Izolacyjna ssawka w\u0105ska z w\u0142osiem przeznaczona jest do usuwania zabrudze\u0144 z urz\u0105dze\u0144 i aparat\u00f3w elektrycznych, a jej sprytna forma pozwala bezpiecznie dotrze\u0107 do wszelkich zakamark\u00f3w czyszczonego urz\u0105dzenia. Ssawka sk\u0142ada si\u0119 z korpusu wykonanego w ca\u0142o\u015bci z materia\u0142u izolacyjnego w kolorze czerwonym i ko\u0144c\u00f3wki z naturalnego w\u0142osia o w\u0142a\u015bciwo\u015bciach dielektrycznych. Dla Twojego bezpiecze\u0144stwa w trakcie prac pod napi\u0119ciem.<\/p>\n<p>Datu lapa:<br \/>\n<a href=\"https:\/\/hubix.pl\/en\/search\/insulating-narrow-bristle-nozzle-1kv.html\" target=\"_blank\" rel=\"noopener\">Skat\u012bt<\/a><\/p>","protected":false},"excerpt":{"rendered":"<p>Izolacyjna ssawka w\u0105ska z w\u0142osiem przeznaczona jest do usuwania zabrudze\u0144 z urz\u0105dze\u0144 i aparat\u00f3w elektrycznych, a jej sprytna forma pozwala<\/p>","protected":false},"featured_media":41202,"template":"","meta":[],"product_brand":[],"product_cat":[862],"product_tag":[],"class_list":{"0":"post-41202","1":"product","2":"type-product","3":"status-publish","4":"has-post-thumbnail","6":"product_cat-for-work-up-to-1kv","8":"first","9":"outofstock","10":"taxable","11":"shipping-taxable","12":"purchasable","13":"product-type-simple"},"_links":{"self":[{"href":"https:\/\/shop.vallin.lv\/lv\/wp-json\/wp\/v2\/product\/41202","targetHints":{"allow":["GET"]}}],"collection":[{"href":"https:\/\/shop.vallin.lv\/lv\/wp-json\/wp\/v2\/product"}],"about":[{"href":"https:\/\/shop.vallin.lv\/lv\/wp-json\/wp\/v2\/types\/product"}],"version-history":[{"count":1,"href":"https:\/\/shop.vallin.lv\/lv\/wp-json\/wp\/v2\/product\/41202\/revisions"}],"predecessor-version":[{"id":41938,"href":"https:\/\/shop.vallin.lv\/lv\/wp-json\/wp\/v2\/product\/41202\/revisions\/41938"}],"wp:featuredmedia":[{"embeddable":true,"href":"https:\/\/shop.vallin.lv\/lv\/wp-json\/wp\/v2\/product\/41202"}],"wp:attachment":[{"href":"https:\/\/shop.vallin.lv\/lv\/wp-json\/wp\/v2\/media?parent=41202"}],"wp:term":[{"taxonomy":"product_brand","embeddable":true,"href":"https:\/\/shop.vallin.lv\/lv\/wp-json\/wp\/v2\/product_brand?post=41202"},{"taxonomy":"product_cat","embeddable":true,"href":"https:\/\/shop.vallin.lv\/lv\/wp-json\/wp\/v2\/product_cat?post=41202"},{"taxonomy":"product_tag","embeddable":true,"href":"https:\/\/shop.vallin.lv\/lv\/wp-json\/wp\/v2\/product_tag?post=41202"}],"curies":[{"name":"wp","href":"https:\/\/api.w.org\/{rel}","templated":true}]}}