{"id":41195,"date":"2025-12-12T13:41:44","date_gmt":"2025-12-12T11:41:44","guid":{"rendered":"https:\/\/shop.vallin.lv\/product\/hnsc-hybrid-blocking-wrench-no-10-for-up-to-1-kv-ac-1-5-kv-dc\/"},"modified":"2026-01-22T13:48:05","modified_gmt":"2026-01-22T11:48:05","slug":"hnsc-hybrid-blocking-wrench-no-10-for-up-to-1-kv-ac-1-5-kv-dc","status":"publish","type":"product","link":"https:\/\/shop.vallin.lv\/lv\/products\/hnsc-hybrid-blocking-wrench-no-10-for-up-to-1-kv-ac-1-5-kv-dc\/","title":{"rendered":"HNSC hibr\u012bda blo\u0137\u0113jo\u0161\u0101 atsl\u0113ga Nr.10, l\u012bdz pat 1 kV AC \/ 1.5 kV DC"},"content":{"rendered":"<p>Hybrid Bent Locking Socket Wrench. A hybrid tool made of CrV steel. The working head features a 12-point design. These wrenches are used for live work on equipment under alternating voltage up to 1000 V or direct voltage up to 1500 V. The wrench is designed for locking screws and nuts during the loosening and tightening of bolted connections in switchgear devices, especially when replacing fuse bases.<\/p>\n<p>Datu lapa:<br \/>\n<a href=\"https:\/\/hubix.pl\/en\/search\/hnsc-hybrid-blocking-wrench-no-10-for-up-to-1-kv-ac-15-kv-dc.html\" target=\"_blank\" rel=\"noopener\">Skat\u012bt<\/a><\/p>","protected":false},"excerpt":{"rendered":"<p>Hybrid Bent Locking Socket Wrench. A hybrid tool made of CrV steel. The working head features a 12-point design. These<\/p>","protected":false},"featured_media":0,"template":"","meta":[],"product_brand":[],"product_cat":[862],"product_tag":[],"class_list":{"0":"post-41195","1":"product","2":"type-product","3":"status-publish","5":"product_cat-for-work-up-to-1kv","7":"first","8":"outofstock","9":"taxable","10":"shipping-taxable","11":"purchasable","12":"product-type-simple"},"_links":{"self":[{"href":"https:\/\/shop.vallin.lv\/lv\/wp-json\/wp\/v2\/product\/41195","targetHints":{"allow":["GET"]}}],"collection":[{"href":"https:\/\/shop.vallin.lv\/lv\/wp-json\/wp\/v2\/product"}],"about":[{"href":"https:\/\/shop.vallin.lv\/lv\/wp-json\/wp\/v2\/types\/product"}],"version-history":[{"count":1,"href":"https:\/\/shop.vallin.lv\/lv\/wp-json\/wp\/v2\/product\/41195\/revisions"}],"predecessor-version":[{"id":41931,"href":"https:\/\/shop.vallin.lv\/lv\/wp-json\/wp\/v2\/product\/41195\/revisions\/41931"}],"wp:attachment":[{"href":"https:\/\/shop.vallin.lv\/lv\/wp-json\/wp\/v2\/media?parent=41195"}],"wp:term":[{"taxonomy":"product_brand","embeddable":true,"href":"https:\/\/shop.vallin.lv\/lv\/wp-json\/wp\/v2\/product_brand?post=41195"},{"taxonomy":"product_cat","embeddable":true,"href":"https:\/\/shop.vallin.lv\/lv\/wp-json\/wp\/v2\/product_cat?post=41195"},{"taxonomy":"product_tag","embeddable":true,"href":"https:\/\/shop.vallin.lv\/lv\/wp-json\/wp\/v2\/product_tag?post=41195"}],"curies":[{"name":"wp","href":"https:\/\/api.w.org\/{rel}","templated":true}]}}