{"id":41180,"date":"2025-12-12T13:41:37","date_gmt":"2025-12-12T11:41:37","guid":{"rendered":"https:\/\/shop.vallin.lv\/product\/hybrid-1-2-inch-socket-wrench-extension-bar-l125-mm\/"},"modified":"2026-01-22T13:48:02","modified_gmt":"2026-01-22T11:48:02","slug":"hybrid-1-2-inch-socket-wrench-extension-bar-l125-mm","status":"publish","type":"product","link":"https:\/\/shop.vallin.lv\/lv\/products\/hybrid-1-2-inch-socket-wrench-extension-bar-l125-mm\/","title":{"rendered":"Hibr\u012bda 1\/2 collu uzgrie\u017e\u0146u atsl\u0113gas pagarin\u0101t\u0101js, L=125 mm"},"content":{"rendered":"<p>The extension bar is used for live work up to 1000 V AC and 1500 V DC on switchgear connecting boxes, cable lines and overhead lines. Extension bar used to increase the distance between the sockets and the drive handles. Allows access to screws located deep inside the device. Works with sockets, allen sockets, drive bars as well as torque wrenches and other tools that have \u00bd&#8221; square sockets and connectors.<\/p>\n<p>Datu lapa:<br \/>\n<a href=\"https:\/\/hubix.pl\/en\/search\/hybrid-12-inch-socket-wrench-extension-bar-125-mm.html\" target=\"_blank\" rel=\"noopener\">Skat\u012bt<\/a><\/p>","protected":false},"excerpt":{"rendered":"<p>The extension bar is used for live work up to 1000 V AC and 1500 V DC on switchgear connecting<\/p>","protected":false},"featured_media":0,"template":"","meta":[],"product_brand":[],"product_cat":[862],"product_tag":[],"class_list":{"0":"post-41180","1":"product","2":"type-product","3":"status-publish","5":"product_cat-for-work-up-to-1kv","7":"first","8":"outofstock","9":"taxable","10":"shipping-taxable","11":"purchasable","12":"product-type-simple"},"_links":{"self":[{"href":"https:\/\/shop.vallin.lv\/lv\/wp-json\/wp\/v2\/product\/41180","targetHints":{"allow":["GET"]}}],"collection":[{"href":"https:\/\/shop.vallin.lv\/lv\/wp-json\/wp\/v2\/product"}],"about":[{"href":"https:\/\/shop.vallin.lv\/lv\/wp-json\/wp\/v2\/types\/product"}],"version-history":[{"count":1,"href":"https:\/\/shop.vallin.lv\/lv\/wp-json\/wp\/v2\/product\/41180\/revisions"}],"predecessor-version":[{"id":41916,"href":"https:\/\/shop.vallin.lv\/lv\/wp-json\/wp\/v2\/product\/41180\/revisions\/41916"}],"wp:attachment":[{"href":"https:\/\/shop.vallin.lv\/lv\/wp-json\/wp\/v2\/media?parent=41180"}],"wp:term":[{"taxonomy":"product_brand","embeddable":true,"href":"https:\/\/shop.vallin.lv\/lv\/wp-json\/wp\/v2\/product_brand?post=41180"},{"taxonomy":"product_cat","embeddable":true,"href":"https:\/\/shop.vallin.lv\/lv\/wp-json\/wp\/v2\/product_cat?post=41180"},{"taxonomy":"product_tag","embeddable":true,"href":"https:\/\/shop.vallin.lv\/lv\/wp-json\/wp\/v2\/product_tag?post=41180"}],"curies":[{"name":"wp","href":"https:\/\/api.w.org\/{rel}","templated":true}]}}