{"id":41156,"date":"2025-12-12T13:41:24","date_gmt":"2025-12-12T11:41:24","guid":{"rendered":"https:\/\/shop.vallin.lv\/product\/hybrid-short-socket-1-2-size-24-6\/"},"modified":"2026-03-12T14:18:04","modified_gmt":"2026-03-12T12:18:04","slug":"hybrid-short-socket-1-2-size-24-6","status":"publish","type":"product","link":"https:\/\/shop.vallin.lv\/lv\/products\/hybrid-short-socket-1-2-size-24-6\/","title":{"rendered":"Hibr\u012bda \u012bs\u0101 muci\u0146a 1\/2\", izm\u0113rs 24"},"content":{"rendered":"<p>Upgrade your toolkit with the power of precision and safety! The A113.1324 Hybrid Short Socket is designed for professionals working in power distribution and e-mobility applications. Perfect for tightening and loosening hex-head screws in switchgear systems, cable lines, and insulation-piercing connectors on overhead lines.<\/p>\n<p>Datu lapa:<br \/>\n<a href=\"https:\/\/hubix.pl\/en\/search\/hybrid-short-socket-12-size-24.html\" target=\"_blank\" rel=\"noopener\">Skat\u012bt<\/a><\/p>","protected":false},"excerpt":{"rendered":"<p>Upgrade your toolkit with the power of precision and safety! The A113.1324 Hybrid Short Socket is designed for professionals working<\/p>","protected":false},"featured_media":41156,"template":"","meta":[],"product_brand":[],"product_cat":[862],"product_tag":[],"class_list":{"0":"post-41156","1":"product","2":"type-product","3":"status-publish","4":"has-post-thumbnail","6":"product_cat-for-work-up-to-1kv","8":"first","9":"outofstock","10":"taxable","11":"shipping-taxable","12":"purchasable","13":"product-type-simple"},"_links":{"self":[{"href":"https:\/\/shop.vallin.lv\/lv\/wp-json\/wp\/v2\/product\/41156","targetHints":{"allow":["GET"]}}],"collection":[{"href":"https:\/\/shop.vallin.lv\/lv\/wp-json\/wp\/v2\/product"}],"about":[{"href":"https:\/\/shop.vallin.lv\/lv\/wp-json\/wp\/v2\/types\/product"}],"version-history":[{"count":1,"href":"https:\/\/shop.vallin.lv\/lv\/wp-json\/wp\/v2\/product\/41156\/revisions"}],"predecessor-version":[{"id":41892,"href":"https:\/\/shop.vallin.lv\/lv\/wp-json\/wp\/v2\/product\/41156\/revisions\/41892"}],"wp:featuredmedia":[{"embeddable":true,"href":"https:\/\/shop.vallin.lv\/lv\/wp-json\/wp\/v2\/product\/41156"}],"wp:attachment":[{"href":"https:\/\/shop.vallin.lv\/lv\/wp-json\/wp\/v2\/media?parent=41156"}],"wp:term":[{"taxonomy":"product_brand","embeddable":true,"href":"https:\/\/shop.vallin.lv\/lv\/wp-json\/wp\/v2\/product_brand?post=41156"},{"taxonomy":"product_cat","embeddable":true,"href":"https:\/\/shop.vallin.lv\/lv\/wp-json\/wp\/v2\/product_cat?post=41156"},{"taxonomy":"product_tag","embeddable":true,"href":"https:\/\/shop.vallin.lv\/lv\/wp-json\/wp\/v2\/product_tag?post=41156"}],"curies":[{"name":"wp","href":"https:\/\/api.w.org\/{rel}","templated":true}]}}