{"id":41150,"date":"2025-12-12T13:41:21","date_gmt":"2025-12-12T11:41:21","guid":{"rendered":"https:\/\/shop.vallin.lv\/product\/hn-hybrid-1-2-inch-short-socket-no-16\/"},"modified":"2026-03-12T14:18:02","modified_gmt":"2026-03-12T12:18:02","slug":"hn-hybrid-1-2-inch-short-socket-no-16","status":"publish","type":"product","link":"https:\/\/shop.vallin.lv\/lv\/products\/hn-hybrid-1-2-inch-short-socket-no-16\/","title":{"rendered":"HN Hibr\u012bda 1\/2 collu \u012bs\u0101 muci\u0146a Nr 16"},"content":{"rendered":"<p>Upgrade your toolkit with the power of precision and safety! The A113.1316Hybrid Short Socket is designed for professionals working in power distribution and e-mobility applications. Perfect for tightening and loosening hex-head screws in switchgear systems, cable lines, and insulation-piercing connectors on overhead lines.<\/p>\n<p>Datu lapa:<br \/>\n<a href=\"https:\/\/hubix.pl\/en\/search\/hn-hybrid-12-inch-short-socket-no-16.html\" target=\"_blank\" rel=\"noopener\">Skat\u012bt<\/a><\/p>","protected":false},"excerpt":{"rendered":"<p>Upgrade your toolkit with the power of precision and safety! The A113.1316Hybrid Short Socket is designed for professionals working in<\/p>","protected":false},"featured_media":41150,"template":"","meta":[],"product_brand":[],"product_cat":[862],"product_tag":[],"class_list":{"0":"post-41150","1":"product","2":"type-product","3":"status-publish","4":"has-post-thumbnail","6":"product_cat-for-work-up-to-1kv","8":"first","9":"outofstock","10":"taxable","11":"shipping-taxable","12":"purchasable","13":"product-type-simple"},"_links":{"self":[{"href":"https:\/\/shop.vallin.lv\/lv\/wp-json\/wp\/v2\/product\/41150","targetHints":{"allow":["GET"]}}],"collection":[{"href":"https:\/\/shop.vallin.lv\/lv\/wp-json\/wp\/v2\/product"}],"about":[{"href":"https:\/\/shop.vallin.lv\/lv\/wp-json\/wp\/v2\/types\/product"}],"version-history":[{"count":1,"href":"https:\/\/shop.vallin.lv\/lv\/wp-json\/wp\/v2\/product\/41150\/revisions"}],"predecessor-version":[{"id":41886,"href":"https:\/\/shop.vallin.lv\/lv\/wp-json\/wp\/v2\/product\/41150\/revisions\/41886"}],"wp:featuredmedia":[{"embeddable":true,"href":"https:\/\/shop.vallin.lv\/lv\/wp-json\/wp\/v2\/product\/41150"}],"wp:attachment":[{"href":"https:\/\/shop.vallin.lv\/lv\/wp-json\/wp\/v2\/media?parent=41150"}],"wp:term":[{"taxonomy":"product_brand","embeddable":true,"href":"https:\/\/shop.vallin.lv\/lv\/wp-json\/wp\/v2\/product_brand?post=41150"},{"taxonomy":"product_cat","embeddable":true,"href":"https:\/\/shop.vallin.lv\/lv\/wp-json\/wp\/v2\/product_cat?post=41150"},{"taxonomy":"product_tag","embeddable":true,"href":"https:\/\/shop.vallin.lv\/lv\/wp-json\/wp\/v2\/product_tag?post=41150"}],"curies":[{"name":"wp","href":"https:\/\/api.w.org\/{rel}","templated":true}]}}