{"id":41129,"date":"2025-12-12T13:41:11","date_gmt":"2025-12-12T11:41:11","guid":{"rendered":"https:\/\/shop.vallin.lv\/product\/hybrid-hexagonal-t-wrench-no-6\/"},"modified":"2026-03-12T14:17:52","modified_gmt":"2026-03-12T12:17:52","slug":"hybrid-hexagonal-t-wrench-no-6","status":"publish","type":"product","link":"https:\/\/shop.vallin.lv\/lv\/products\/hybrid-hexagonal-t-wrench-no-6\/","title":{"rendered":"Hibr\u012bda se\u0161st\u016bra T atsl\u0113ga Nr. 6"},"content":{"rendered":"<p>Wrenches are used for live work up to 1 000 V AC or up to 1 500 V DC on switchgear devices, cable lines and overhead lines. Allen wrenches are designed for loosening and tightening screws with hexagon socket heads.<\/p>\n<p>Datu lapa:<br \/>\n<a href=\"https:\/\/hubix.pl\/en\/search\/hybrid-hexagonal-t-wrench-no-6.html\" target=\"_blank\" rel=\"noopener\">Skat\u012bt<\/a><\/p>","protected":false},"excerpt":{"rendered":"<p>Wrenches are used for live work up to 1 000 V AC or up to 1 500 V DC on<\/p>","protected":false},"featured_media":41129,"template":"","meta":[],"product_brand":[],"product_cat":[862],"product_tag":[],"class_list":{"0":"post-41129","1":"product","2":"type-product","3":"status-publish","4":"has-post-thumbnail","6":"product_cat-for-work-up-to-1kv","8":"first","9":"outofstock","10":"taxable","11":"shipping-taxable","12":"purchasable","13":"product-type-simple"},"_links":{"self":[{"href":"https:\/\/shop.vallin.lv\/lv\/wp-json\/wp\/v2\/product\/41129","targetHints":{"allow":["GET"]}}],"collection":[{"href":"https:\/\/shop.vallin.lv\/lv\/wp-json\/wp\/v2\/product"}],"about":[{"href":"https:\/\/shop.vallin.lv\/lv\/wp-json\/wp\/v2\/types\/product"}],"version-history":[{"count":1,"href":"https:\/\/shop.vallin.lv\/lv\/wp-json\/wp\/v2\/product\/41129\/revisions"}],"predecessor-version":[{"id":41865,"href":"https:\/\/shop.vallin.lv\/lv\/wp-json\/wp\/v2\/product\/41129\/revisions\/41865"}],"wp:featuredmedia":[{"embeddable":true,"href":"https:\/\/shop.vallin.lv\/lv\/wp-json\/wp\/v2\/product\/41129"}],"wp:attachment":[{"href":"https:\/\/shop.vallin.lv\/lv\/wp-json\/wp\/v2\/media?parent=41129"}],"wp:term":[{"taxonomy":"product_brand","embeddable":true,"href":"https:\/\/shop.vallin.lv\/lv\/wp-json\/wp\/v2\/product_brand?post=41129"},{"taxonomy":"product_cat","embeddable":true,"href":"https:\/\/shop.vallin.lv\/lv\/wp-json\/wp\/v2\/product_cat?post=41129"},{"taxonomy":"product_tag","embeddable":true,"href":"https:\/\/shop.vallin.lv\/lv\/wp-json\/wp\/v2\/product_tag?post=41129"}],"curies":[{"name":"wp","href":"https:\/\/api.w.org\/{rel}","templated":true}]}}