{"id":41123,"date":"2025-12-12T13:41:06","date_gmt":"2025-12-12T11:41:06","guid":{"rendered":"https:\/\/shop.vallin.lv\/product\/hybrid-single-ended-ring-wrench-no-22\/"},"modified":"2026-03-12T14:16:15","modified_gmt":"2026-03-12T12:16:15","slug":"hybrid-single-ended-ring-wrench-no-22","status":"publish","type":"product","link":"https:\/\/shop.vallin.lv\/lv\/products\/hybrid-single-ended-ring-wrench-no-22\/","title":{"rendered":"Hibr\u012bda vienpus\u0113ja gredzenatsl\u0113ga Nr. 22"},"content":{"rendered":"<p>Ring spanners are used for live work up to 1 000 V AC or 1 500 V DC on switchgear devices, cable lines and overhead lines. The ring spanners are designed for loosening and tightening bolted connections.<\/p>\n<p>Datu lapa:<br \/>\n<a href=\"https:\/\/hubix.pl\/en\/search\/hybrid-single-ended-ring-wrench-no-22.html\" target=\"_blank\" rel=\"noopener\">Skat\u012bt<\/a><\/p>","protected":false},"excerpt":{"rendered":"<p>Ring spanners are used for live work up to 1 000 V AC or 1 500 V DC on switchgear<\/p>","protected":false},"featured_media":41123,"template":"","meta":[],"product_brand":[],"product_cat":[862],"product_tag":[],"class_list":{"0":"post-41123","1":"product","2":"type-product","3":"status-publish","4":"has-post-thumbnail","6":"product_cat-for-work-up-to-1kv","8":"first","9":"outofstock","10":"taxable","11":"shipping-taxable","12":"purchasable","13":"product-type-simple"},"_links":{"self":[{"href":"https:\/\/shop.vallin.lv\/lv\/wp-json\/wp\/v2\/product\/41123","targetHints":{"allow":["GET"]}}],"collection":[{"href":"https:\/\/shop.vallin.lv\/lv\/wp-json\/wp\/v2\/product"}],"about":[{"href":"https:\/\/shop.vallin.lv\/lv\/wp-json\/wp\/v2\/types\/product"}],"version-history":[{"count":1,"href":"https:\/\/shop.vallin.lv\/lv\/wp-json\/wp\/v2\/product\/41123\/revisions"}],"predecessor-version":[{"id":41859,"href":"https:\/\/shop.vallin.lv\/lv\/wp-json\/wp\/v2\/product\/41123\/revisions\/41859"}],"wp:featuredmedia":[{"embeddable":true,"href":"https:\/\/shop.vallin.lv\/lv\/wp-json\/wp\/v2\/product\/41123"}],"wp:attachment":[{"href":"https:\/\/shop.vallin.lv\/lv\/wp-json\/wp\/v2\/media?parent=41123"}],"wp:term":[{"taxonomy":"product_brand","embeddable":true,"href":"https:\/\/shop.vallin.lv\/lv\/wp-json\/wp\/v2\/product_brand?post=41123"},{"taxonomy":"product_cat","embeddable":true,"href":"https:\/\/shop.vallin.lv\/lv\/wp-json\/wp\/v2\/product_cat?post=41123"},{"taxonomy":"product_tag","embeddable":true,"href":"https:\/\/shop.vallin.lv\/lv\/wp-json\/wp\/v2\/product_tag?post=41123"}],"curies":[{"name":"wp","href":"https:\/\/api.w.org\/{rel}","templated":true}]}}