{"id":41105,"date":"2025-12-12T13:40:54","date_gmt":"2025-12-12T11:40:54","guid":{"rendered":"https:\/\/shop.vallin.lv\/product\/hybrid-curved-blocking-socket-wrench-no-19\/"},"modified":"2026-03-12T14:17:54","modified_gmt":"2026-03-12T12:17:54","slug":"hybrid-curved-blocking-socket-wrench-no-19","status":"publish","type":"product","link":"https:\/\/shop.vallin.lv\/lv\/products\/hybrid-curved-blocking-socket-wrench-no-19\/","title":{"rendered":"Hibr\u012bda izliekta fiks\u0113jo\u0161a uzgrie\u017e\u0146u atsl\u0113ga Nr. 19"},"content":{"rendered":"<p>Wrenches are used for live work up to 1 000 V AC or up to 1 500 V DC. The wrench is used to lock nuts and bolts when loosening and tightening bolted connections at distribution equipment, especially when replacing fuse bases.<\/p>\n<p>Datu lapa:<br \/>\n<a href=\"https:\/\/hubix.pl\/en\/search\/hybrid-curved-blocking-socket-wrench-no-19.html\" target=\"_blank\" rel=\"noopener\">Skat\u012bt<\/a><\/p>","protected":false},"excerpt":{"rendered":"<p>Wrenches are used for live work up to 1 000 V AC or up to 1 500 V DC. The<\/p>","protected":false},"featured_media":41105,"template":"","meta":[],"product_brand":[],"product_cat":[862],"product_tag":[],"class_list":{"0":"post-41105","1":"product","2":"type-product","3":"status-publish","4":"has-post-thumbnail","6":"product_cat-for-work-up-to-1kv","8":"first","9":"outofstock","10":"taxable","11":"shipping-taxable","12":"purchasable","13":"product-type-simple"},"_links":{"self":[{"href":"https:\/\/shop.vallin.lv\/lv\/wp-json\/wp\/v2\/product\/41105","targetHints":{"allow":["GET"]}}],"collection":[{"href":"https:\/\/shop.vallin.lv\/lv\/wp-json\/wp\/v2\/product"}],"about":[{"href":"https:\/\/shop.vallin.lv\/lv\/wp-json\/wp\/v2\/types\/product"}],"version-history":[{"count":1,"href":"https:\/\/shop.vallin.lv\/lv\/wp-json\/wp\/v2\/product\/41105\/revisions"}],"predecessor-version":[{"id":41841,"href":"https:\/\/shop.vallin.lv\/lv\/wp-json\/wp\/v2\/product\/41105\/revisions\/41841"}],"wp:featuredmedia":[{"embeddable":true,"href":"https:\/\/shop.vallin.lv\/lv\/wp-json\/wp\/v2\/product\/41105"}],"wp:attachment":[{"href":"https:\/\/shop.vallin.lv\/lv\/wp-json\/wp\/v2\/media?parent=41105"}],"wp:term":[{"taxonomy":"product_brand","embeddable":true,"href":"https:\/\/shop.vallin.lv\/lv\/wp-json\/wp\/v2\/product_brand?post=41105"},{"taxonomy":"product_cat","embeddable":true,"href":"https:\/\/shop.vallin.lv\/lv\/wp-json\/wp\/v2\/product_cat?post=41105"},{"taxonomy":"product_tag","embeddable":true,"href":"https:\/\/shop.vallin.lv\/lv\/wp-json\/wp\/v2\/product_tag?post=41105"}],"curies":[{"name":"wp","href":"https:\/\/api.w.org\/{rel}","templated":true}]}}