{"id":41096,"date":"2025-12-12T13:40:48","date_gmt":"2025-12-12T11:40:48","guid":{"rendered":"https:\/\/shop.vallin.lv\/product\/hibryd-wire-stripper\/"},"modified":"2026-03-12T14:17:34","modified_gmt":"2026-03-12T12:17:34","slug":"hibryd-wire-stripper","status":"publish","type":"product","link":"https:\/\/shop.vallin.lv\/lv\/products\/hibryd-wire-stripper\/","title":{"rendered":"Hibr\u012bda vadu no\u0146\u0113m\u0113js"},"content":{"rendered":"<p>The wire stripper is used in live work up to 1000 V AC or up to 1500 V DC. The wire stripper is designed for stripping cable conductor insulation. Depth of insulation cut adjustable from 0 to 5 mm.<\/p>\n<p>Datu lapa:<br \/>\n<a href=\"https:\/\/hubix.pl\/en\/search\/hibryd-wire-stripper.html\" target=\"_blank\" rel=\"noopener\">Skat\u012bt<\/a><\/p>","protected":false},"excerpt":{"rendered":"<p>The wire stripper is used in live work up to 1000 V AC or up to 1500 V DC. The<\/p>","protected":false},"featured_media":41096,"template":"","meta":[],"product_brand":[],"product_cat":[862],"product_tag":[],"class_list":{"0":"post-41096","1":"product","2":"type-product","3":"status-publish","4":"has-post-thumbnail","6":"product_cat-for-work-up-to-1kv","8":"first","9":"outofstock","10":"taxable","11":"shipping-taxable","12":"purchasable","13":"product-type-simple"},"_links":{"self":[{"href":"https:\/\/shop.vallin.lv\/lv\/wp-json\/wp\/v2\/product\/41096","targetHints":{"allow":["GET"]}}],"collection":[{"href":"https:\/\/shop.vallin.lv\/lv\/wp-json\/wp\/v2\/product"}],"about":[{"href":"https:\/\/shop.vallin.lv\/lv\/wp-json\/wp\/v2\/types\/product"}],"version-history":[{"count":1,"href":"https:\/\/shop.vallin.lv\/lv\/wp-json\/wp\/v2\/product\/41096\/revisions"}],"predecessor-version":[{"id":41832,"href":"https:\/\/shop.vallin.lv\/lv\/wp-json\/wp\/v2\/product\/41096\/revisions\/41832"}],"wp:featuredmedia":[{"embeddable":true,"href":"https:\/\/shop.vallin.lv\/lv\/wp-json\/wp\/v2\/product\/41096"}],"wp:attachment":[{"href":"https:\/\/shop.vallin.lv\/lv\/wp-json\/wp\/v2\/media?parent=41096"}],"wp:term":[{"taxonomy":"product_brand","embeddable":true,"href":"https:\/\/shop.vallin.lv\/lv\/wp-json\/wp\/v2\/product_brand?post=41096"},{"taxonomy":"product_cat","embeddable":true,"href":"https:\/\/shop.vallin.lv\/lv\/wp-json\/wp\/v2\/product_cat?post=41096"},{"taxonomy":"product_tag","embeddable":true,"href":"https:\/\/shop.vallin.lv\/lv\/wp-json\/wp\/v2\/product_tag?post=41096"}],"curies":[{"name":"wp","href":"https:\/\/api.w.org\/{rel}","templated":true}]}}