{"id":41085,"date":"2025-12-12T13:40:41","date_gmt":"2025-12-12T11:40:41","guid":{"rendered":"https:\/\/shop.vallin.lv\/product\/hybrid-cross-socket-wrench-10x13x14x17\/"},"modified":"2026-01-22T13:47:38","modified_gmt":"2026-01-22T11:47:38","slug":"hybrid-cross-socket-wrench-10x13x14x17","status":"publish","type":"product","link":"https:\/\/shop.vallin.lv\/lv\/products\/hybrid-cross-socket-wrench-10x13x14x17\/","title":{"rendered":"Hibr\u012bda krustveida uzgrie\u017e\u0146u atsl\u0113ga 10x13x14x17"},"content":{"rendered":"<p>Hybrid cross socket wrenches are used for life work up to 1000 V AC or up to 1500 V DC at switchgear devices, cable lines and overhead lines. Cross socket wrenches are designed for unscrewing and tightening screw connections.<\/p>\n<p>Datu lapa:<br \/>\n<a href=\"https:\/\/hubix.pl\/en\/search\/hybrid-cross-socket-wrench-10x13x14x17.html\" target=\"_blank\" rel=\"noopener\">Skat\u012bt<\/a><\/p>","protected":false},"excerpt":{"rendered":"<p>Hybrid cross socket wrenches are used for life work up to 1000 V AC or up to 1500 V DC<\/p>","protected":false},"featured_media":0,"template":"","meta":[],"product_brand":[],"product_cat":[862],"product_tag":[],"class_list":{"0":"post-41085","1":"product","2":"type-product","3":"status-publish","5":"product_cat-for-work-up-to-1kv","7":"first","8":"outofstock","9":"taxable","10":"shipping-taxable","11":"purchasable","12":"product-type-simple"},"_links":{"self":[{"href":"https:\/\/shop.vallin.lv\/lv\/wp-json\/wp\/v2\/product\/41085","targetHints":{"allow":["GET"]}}],"collection":[{"href":"https:\/\/shop.vallin.lv\/lv\/wp-json\/wp\/v2\/product"}],"about":[{"href":"https:\/\/shop.vallin.lv\/lv\/wp-json\/wp\/v2\/types\/product"}],"version-history":[{"count":1,"href":"https:\/\/shop.vallin.lv\/lv\/wp-json\/wp\/v2\/product\/41085\/revisions"}],"predecessor-version":[{"id":41821,"href":"https:\/\/shop.vallin.lv\/lv\/wp-json\/wp\/v2\/product\/41085\/revisions\/41821"}],"wp:attachment":[{"href":"https:\/\/shop.vallin.lv\/lv\/wp-json\/wp\/v2\/media?parent=41085"}],"wp:term":[{"taxonomy":"product_brand","embeddable":true,"href":"https:\/\/shop.vallin.lv\/lv\/wp-json\/wp\/v2\/product_brand?post=41085"},{"taxonomy":"product_cat","embeddable":true,"href":"https:\/\/shop.vallin.lv\/lv\/wp-json\/wp\/v2\/product_cat?post=41085"},{"taxonomy":"product_tag","embeddable":true,"href":"https:\/\/shop.vallin.lv\/lv\/wp-json\/wp\/v2\/product_tag?post=41085"}],"curies":[{"name":"wp","href":"https:\/\/api.w.org\/{rel}","templated":true}]}}