{"id":41078,"date":"2025-12-12T13:40:37","date_gmt":"2025-12-12T11:40:37","guid":{"rendered":"https:\/\/shop.vallin.lv\/product\/hybrid-1-2-square-reversible-ratchet-drive\/"},"modified":"2026-01-22T13:47:37","modified_gmt":"2026-01-22T11:47:37","slug":"hybrid-1-2-square-reversible-ratchet-drive","status":"publish","type":"product","link":"https:\/\/shop.vallin.lv\/lv\/products\/hybrid-1-2-square-reversible-ratchet-drive\/","title":{"rendered":"Hibr\u012bda 1\/2\" kvadr\u0101tveida revers\u0101 spr\u016bdrata rokturis"},"content":{"rendered":"<p>Live working up to 1000 V AC and 1500 V DC. The tool is used on overhead lines and on cable lines and switchgear connecting boxes. The ratchet square drive works with sockets, hex bit sockets, extension bars and other tools with \u00bd inch square sockets. Designed to increase the torque when loosening and tightening screw connections.<\/p>\n<p>Datu lapa:<br \/>\n<a href=\"https:\/\/hubix.pl\/en\/search\/hybrid-12-square-reversible-ratchet-drive.html\" target=\"_blank\" rel=\"noopener\">Skat\u012bt<\/a><\/p>","protected":false},"excerpt":{"rendered":"<p>Live working up to 1000 V AC and 1500 V DC. The tool is used on overhead lines and on<\/p>","protected":false},"featured_media":0,"template":"","meta":[],"product_brand":[],"product_cat":[862],"product_tag":[],"class_list":{"0":"post-41078","1":"product","2":"type-product","3":"status-publish","5":"product_cat-for-work-up-to-1kv","7":"first","8":"outofstock","9":"taxable","10":"shipping-taxable","11":"purchasable","12":"product-type-simple"},"_links":{"self":[{"href":"https:\/\/shop.vallin.lv\/lv\/wp-json\/wp\/v2\/product\/41078","targetHints":{"allow":["GET"]}}],"collection":[{"href":"https:\/\/shop.vallin.lv\/lv\/wp-json\/wp\/v2\/product"}],"about":[{"href":"https:\/\/shop.vallin.lv\/lv\/wp-json\/wp\/v2\/types\/product"}],"version-history":[{"count":1,"href":"https:\/\/shop.vallin.lv\/lv\/wp-json\/wp\/v2\/product\/41078\/revisions"}],"predecessor-version":[{"id":41814,"href":"https:\/\/shop.vallin.lv\/lv\/wp-json\/wp\/v2\/product\/41078\/revisions\/41814"}],"wp:attachment":[{"href":"https:\/\/shop.vallin.lv\/lv\/wp-json\/wp\/v2\/media?parent=41078"}],"wp:term":[{"taxonomy":"product_brand","embeddable":true,"href":"https:\/\/shop.vallin.lv\/lv\/wp-json\/wp\/v2\/product_brand?post=41078"},{"taxonomy":"product_cat","embeddable":true,"href":"https:\/\/shop.vallin.lv\/lv\/wp-json\/wp\/v2\/product_cat?post=41078"},{"taxonomy":"product_tag","embeddable":true,"href":"https:\/\/shop.vallin.lv\/lv\/wp-json\/wp\/v2\/product_tag?post=41078"}],"curies":[{"name":"wp","href":"https:\/\/api.w.org\/{rel}","templated":true}]}}