{"id":41077,"date":"2025-12-12T13:40:37","date_gmt":"2025-12-12T11:40:37","guid":{"rendered":"https:\/\/shop.vallin.lv\/product\/insulating-wedge-asxsn\/"},"modified":"2026-03-12T14:17:03","modified_gmt":"2026-03-12T12:17:03","slug":"insulating-wedge-asxsn","status":"publish","type":"product","link":"https:\/\/shop.vallin.lv\/lv\/products\/insulating-wedge-asxsn\/","title":{"rendered":"Izol\u0101cija \u0137\u012blis AsXSn"},"content":{"rendered":"<p>The wedge is used for live work up to 1 000 V AC or up to 1 500 V DC. The wedges are designed for separating a single wire of the conductor from the cable harness type AsXSn on overhead lines.<\/p>\n<p>Datu lapa:<br \/>\n<a href=\"https:\/\/hubix.pl\/en\/search\/insulating-wedge-asxsn.html\" target=\"_blank\" rel=\"noopener\">Skat\u012bt<\/a><\/p>","protected":false},"excerpt":{"rendered":"<p>The wedge is used for live work up to 1 000 V AC or up to 1 500 V DC.<\/p>","protected":false},"featured_media":41077,"template":"","meta":[],"product_brand":[],"product_cat":[862],"product_tag":[],"class_list":{"0":"post-41077","1":"product","2":"type-product","3":"status-publish","4":"has-post-thumbnail","6":"product_cat-for-work-up-to-1kv","8":"first","9":"outofstock","10":"taxable","11":"shipping-taxable","12":"purchasable","13":"product-type-simple"},"_links":{"self":[{"href":"https:\/\/shop.vallin.lv\/lv\/wp-json\/wp\/v2\/product\/41077","targetHints":{"allow":["GET"]}}],"collection":[{"href":"https:\/\/shop.vallin.lv\/lv\/wp-json\/wp\/v2\/product"}],"about":[{"href":"https:\/\/shop.vallin.lv\/lv\/wp-json\/wp\/v2\/types\/product"}],"version-history":[{"count":1,"href":"https:\/\/shop.vallin.lv\/lv\/wp-json\/wp\/v2\/product\/41077\/revisions"}],"predecessor-version":[{"id":41813,"href":"https:\/\/shop.vallin.lv\/lv\/wp-json\/wp\/v2\/product\/41077\/revisions\/41813"}],"wp:featuredmedia":[{"embeddable":true,"href":"https:\/\/shop.vallin.lv\/lv\/wp-json\/wp\/v2\/product\/41077"}],"wp:attachment":[{"href":"https:\/\/shop.vallin.lv\/lv\/wp-json\/wp\/v2\/media?parent=41077"}],"wp:term":[{"taxonomy":"product_brand","embeddable":true,"href":"https:\/\/shop.vallin.lv\/lv\/wp-json\/wp\/v2\/product_brand?post=41077"},{"taxonomy":"product_cat","embeddable":true,"href":"https:\/\/shop.vallin.lv\/lv\/wp-json\/wp\/v2\/product_cat?post=41077"},{"taxonomy":"product_tag","embeddable":true,"href":"https:\/\/shop.vallin.lv\/lv\/wp-json\/wp\/v2\/product_tag?post=41077"}],"curies":[{"name":"wp","href":"https:\/\/api.w.org\/{rel}","templated":true}]}}