{"id":41068,"date":"2025-12-12T13:40:32","date_gmt":"2025-12-12T11:40:32","guid":{"rendered":"https:\/\/shop.vallin.lv\/product\/insulated-torx-socket-70mm-size-25\/"},"modified":"2026-03-12T14:16:32","modified_gmt":"2026-03-12T12:16:32","slug":"insulated-torx-socket-70mm-size-25","status":"publish","type":"product","link":"https:\/\/shop.vallin.lv\/lv\/products\/insulated-torx-socket-70mm-size-25\/","title":{"rendered":"Izol\u0113ta TORX muci\u0146a 70mm izm\u0113rs 25"},"content":{"rendered":"<p>Insulated socket designed for use in electrical installations. Manufactured from high-quality chrome vanadium steel (CrV), offering excellent mechanical strength and wear resistance. The working head features a TORX profile, intended for tightening and loosening screws with a corresponding socket head.<\/p>\n<p>Datu lapa:<br \/>\n<a href=\"https:\/\/hubix.pl\/en\/search\/insulated-torx-socket-70mm-size-25.html\" target=\"_blank\" rel=\"noopener\">Skat\u012bt<\/a><\/p>","protected":false},"excerpt":{"rendered":"<p>Insulated socket designed for use in electrical installations. Manufactured from high-quality chrome vanadium steel (CrV), offering excellent mechanical strength and<\/p>","protected":false},"featured_media":41068,"template":"","meta":[],"product_brand":[],"product_cat":[862],"product_tag":[],"class_list":{"0":"post-41068","1":"product","2":"type-product","3":"status-publish","4":"has-post-thumbnail","6":"product_cat-for-work-up-to-1kv","8":"first","9":"outofstock","10":"taxable","11":"shipping-taxable","12":"purchasable","13":"product-type-simple"},"_links":{"self":[{"href":"https:\/\/shop.vallin.lv\/lv\/wp-json\/wp\/v2\/product\/41068","targetHints":{"allow":["GET"]}}],"collection":[{"href":"https:\/\/shop.vallin.lv\/lv\/wp-json\/wp\/v2\/product"}],"about":[{"href":"https:\/\/shop.vallin.lv\/lv\/wp-json\/wp\/v2\/types\/product"}],"version-history":[{"count":1,"href":"https:\/\/shop.vallin.lv\/lv\/wp-json\/wp\/v2\/product\/41068\/revisions"}],"predecessor-version":[{"id":41804,"href":"https:\/\/shop.vallin.lv\/lv\/wp-json\/wp\/v2\/product\/41068\/revisions\/41804"}],"wp:featuredmedia":[{"embeddable":true,"href":"https:\/\/shop.vallin.lv\/lv\/wp-json\/wp\/v2\/product\/41068"}],"wp:attachment":[{"href":"https:\/\/shop.vallin.lv\/lv\/wp-json\/wp\/v2\/media?parent=41068"}],"wp:term":[{"taxonomy":"product_brand","embeddable":true,"href":"https:\/\/shop.vallin.lv\/lv\/wp-json\/wp\/v2\/product_brand?post=41068"},{"taxonomy":"product_cat","embeddable":true,"href":"https:\/\/shop.vallin.lv\/lv\/wp-json\/wp\/v2\/product_cat?post=41068"},{"taxonomy":"product_tag","embeddable":true,"href":"https:\/\/shop.vallin.lv\/lv\/wp-json\/wp\/v2\/product_tag?post=41068"}],"curies":[{"name":"wp","href":"https:\/\/api.w.org\/{rel}","templated":true}]}}