{"id":41050,"date":"2025-12-12T13:40:23","date_gmt":"2025-12-12T11:40:23","guid":{"rendered":"https:\/\/shop.vallin.lv\/product\/insulated-groove-joint-pliers\/"},"modified":"2026-03-12T14:16:33","modified_gmt":"2026-03-12T12:16:33","slug":"insulated-groove-joint-pliers","status":"publish","type":"product","link":"https:\/\/shop.vallin.lv\/lv\/products\/insulated-groove-joint-pliers\/","title":{"rendered":"Izol\u0113tas sl\u012bpl\u012bk\u0146u knaibles"},"content":{"rendered":"<p>Insulated Groove Joint Pliers are used for work on overhead lines with alternating current up to 1000 V or direct current up to 1500 V. The pliers are designed for loosening and tightening non-standard screw connections and gripping various line components.<\/p>\n<p>Datu lapa:<br \/>\n<a href=\"https:\/\/hubix.pl\/en\/search\/insulated-groove-joint-pliers.html\" target=\"_blank\" rel=\"noopener\">Skat\u012bt<\/a><\/p>","protected":false},"excerpt":{"rendered":"<p>Insulated Groove Joint Pliers are used for work on overhead lines with alternating current up to 1000 V or direct<\/p>","protected":false},"featured_media":41050,"template":"","meta":[],"product_brand":[],"product_cat":[862],"product_tag":[],"class_list":{"0":"post-41050","1":"product","2":"type-product","3":"status-publish","4":"has-post-thumbnail","6":"product_cat-for-work-up-to-1kv","8":"first","9":"outofstock","10":"taxable","11":"shipping-taxable","12":"purchasable","13":"product-type-simple"},"_links":{"self":[{"href":"https:\/\/shop.vallin.lv\/lv\/wp-json\/wp\/v2\/product\/41050","targetHints":{"allow":["GET"]}}],"collection":[{"href":"https:\/\/shop.vallin.lv\/lv\/wp-json\/wp\/v2\/product"}],"about":[{"href":"https:\/\/shop.vallin.lv\/lv\/wp-json\/wp\/v2\/types\/product"}],"version-history":[{"count":1,"href":"https:\/\/shop.vallin.lv\/lv\/wp-json\/wp\/v2\/product\/41050\/revisions"}],"predecessor-version":[{"id":41786,"href":"https:\/\/shop.vallin.lv\/lv\/wp-json\/wp\/v2\/product\/41050\/revisions\/41786"}],"wp:featuredmedia":[{"embeddable":true,"href":"https:\/\/shop.vallin.lv\/lv\/wp-json\/wp\/v2\/product\/41050"}],"wp:attachment":[{"href":"https:\/\/shop.vallin.lv\/lv\/wp-json\/wp\/v2\/media?parent=41050"}],"wp:term":[{"taxonomy":"product_brand","embeddable":true,"href":"https:\/\/shop.vallin.lv\/lv\/wp-json\/wp\/v2\/product_brand?post=41050"},{"taxonomy":"product_cat","embeddable":true,"href":"https:\/\/shop.vallin.lv\/lv\/wp-json\/wp\/v2\/product_cat?post=41050"},{"taxonomy":"product_tag","embeddable":true,"href":"https:\/\/shop.vallin.lv\/lv\/wp-json\/wp\/v2\/product_tag?post=41050"}],"curies":[{"name":"wp","href":"https:\/\/api.w.org\/{rel}","templated":true}]}}