{"id":41048,"date":"2025-12-12T13:40:22","date_gmt":"2025-12-12T11:40:22","guid":{"rendered":"https:\/\/shop.vallin.lv\/product\/fully-insulated-side-cutters-180-mm\/"},"modified":"2026-03-12T14:17:23","modified_gmt":"2026-03-12T12:17:23","slug":"fully-insulated-side-cutters-180-mm","status":"publish","type":"product","link":"https:\/\/shop.vallin.lv\/lv\/products\/fully-insulated-side-cutters-180-mm\/","title":{"rendered":"Piln\u012bb\u0101 izol\u0113tas s\u0101nu grie\u0161anas knaibles, 180 mm"},"content":{"rendered":"<p>Side cutters for cutting wire with insulated working part are used for work under voltage up to 1000V AC or 1500V DC. The cutters are used for cutting wires (Al, Cu, Fe) with cross-sections up to 10 mm\u00b2 in distribution equipment, cable lines, and overhead lines.<\/p>\n<p>Datu lapa:<br \/>\n<a href=\"https:\/\/hubix.pl\/en\/search\/cutting-nipper-with-insulated-working-head.html\" target=\"_blank\" rel=\"noopener\">Skat\u012bt<\/a><\/p>","protected":false},"excerpt":{"rendered":"<p>Side cutters for cutting wire with insulated working part are used for work under voltage up to 1000V AC or<\/p>","protected":false},"featured_media":41048,"template":"","meta":[],"product_brand":[],"product_cat":[862],"product_tag":[],"class_list":{"0":"post-41048","1":"product","2":"type-product","3":"status-publish","4":"has-post-thumbnail","6":"product_cat-for-work-up-to-1kv","8":"first","9":"outofstock","10":"taxable","11":"shipping-taxable","12":"purchasable","13":"product-type-simple"},"_links":{"self":[{"href":"https:\/\/shop.vallin.lv\/lv\/wp-json\/wp\/v2\/product\/41048","targetHints":{"allow":["GET"]}}],"collection":[{"href":"https:\/\/shop.vallin.lv\/lv\/wp-json\/wp\/v2\/product"}],"about":[{"href":"https:\/\/shop.vallin.lv\/lv\/wp-json\/wp\/v2\/types\/product"}],"version-history":[{"count":1,"href":"https:\/\/shop.vallin.lv\/lv\/wp-json\/wp\/v2\/product\/41048\/revisions"}],"predecessor-version":[{"id":41784,"href":"https:\/\/shop.vallin.lv\/lv\/wp-json\/wp\/v2\/product\/41048\/revisions\/41784"}],"wp:featuredmedia":[{"embeddable":true,"href":"https:\/\/shop.vallin.lv\/lv\/wp-json\/wp\/v2\/product\/41048"}],"wp:attachment":[{"href":"https:\/\/shop.vallin.lv\/lv\/wp-json\/wp\/v2\/media?parent=41048"}],"wp:term":[{"taxonomy":"product_brand","embeddable":true,"href":"https:\/\/shop.vallin.lv\/lv\/wp-json\/wp\/v2\/product_brand?post=41048"},{"taxonomy":"product_cat","embeddable":true,"href":"https:\/\/shop.vallin.lv\/lv\/wp-json\/wp\/v2\/product_cat?post=41048"},{"taxonomy":"product_tag","embeddable":true,"href":"https:\/\/shop.vallin.lv\/lv\/wp-json\/wp\/v2\/product_tag?post=41048"}],"curies":[{"name":"wp","href":"https:\/\/api.w.org\/{rel}","templated":true}]}}