{"id":41038,"date":"2025-12-12T13:40:17","date_gmt":"2025-12-12T11:40:17","guid":{"rendered":"https:\/\/shop.vallin.lv\/product\/fully-insulated-round-nose-pliers\/"},"modified":"2026-03-12T14:17:14","modified_gmt":"2026-03-12T12:17:14","slug":"fully-insulated-round-nose-pliers","status":"publish","type":"product","link":"https:\/\/shop.vallin.lv\/lv\/products\/fully-insulated-round-nose-pliers\/","title":{"rendered":"Piln\u012bb\u0101 Izol\u0113tas apa\u013cas knaibles"},"content":{"rendered":"<p>Fully insulated semi-circular pliers used for work with alternating current up to 1000 V or direct current up to 1500 V, on distribution equipment and cable lines. The pliers are designed for holding, squeezing, and shaping various types of elements, as well as cutting wires (Al and Cu). The insulated working head of the pliers allows for their safe use in places where the distances between elements with different potentials are small.<\/p>\n<p>Datu lapa:<br \/>\n<a href=\"https:\/\/hubix.pl\/en\/search\/fully-insulated-round-nose-pliers.html\" target=\"_blank\" rel=\"noopener\">Skat\u012bt<\/a><\/p>","protected":false},"excerpt":{"rendered":"<p>Fully insulated semi-circular pliers used for work with alternating current up to 1000 V or direct current up to 1500<\/p>","protected":false},"featured_media":41038,"template":"","meta":[],"product_brand":[],"product_cat":[862],"product_tag":[],"class_list":{"0":"post-41038","1":"product","2":"type-product","3":"status-publish","4":"has-post-thumbnail","6":"product_cat-for-work-up-to-1kv","8":"first","9":"outofstock","10":"taxable","11":"shipping-taxable","12":"purchasable","13":"product-type-simple"},"_links":{"self":[{"href":"https:\/\/shop.vallin.lv\/lv\/wp-json\/wp\/v2\/product\/41038","targetHints":{"allow":["GET"]}}],"collection":[{"href":"https:\/\/shop.vallin.lv\/lv\/wp-json\/wp\/v2\/product"}],"about":[{"href":"https:\/\/shop.vallin.lv\/lv\/wp-json\/wp\/v2\/types\/product"}],"version-history":[{"count":1,"href":"https:\/\/shop.vallin.lv\/lv\/wp-json\/wp\/v2\/product\/41038\/revisions"}],"predecessor-version":[{"id":41774,"href":"https:\/\/shop.vallin.lv\/lv\/wp-json\/wp\/v2\/product\/41038\/revisions\/41774"}],"wp:featuredmedia":[{"embeddable":true,"href":"https:\/\/shop.vallin.lv\/lv\/wp-json\/wp\/v2\/product\/41038"}],"wp:attachment":[{"href":"https:\/\/shop.vallin.lv\/lv\/wp-json\/wp\/v2\/media?parent=41038"}],"wp:term":[{"taxonomy":"product_brand","embeddable":true,"href":"https:\/\/shop.vallin.lv\/lv\/wp-json\/wp\/v2\/product_brand?post=41038"},{"taxonomy":"product_cat","embeddable":true,"href":"https:\/\/shop.vallin.lv\/lv\/wp-json\/wp\/v2\/product_cat?post=41038"},{"taxonomy":"product_tag","embeddable":true,"href":"https:\/\/shop.vallin.lv\/lv\/wp-json\/wp\/v2\/product_tag?post=41038"}],"curies":[{"name":"wp","href":"https:\/\/api.w.org\/{rel}","templated":true}]}}