{"id":41018,"date":"2025-12-12T13:40:06","date_gmt":"2025-12-12T11:40:06","guid":{"rendered":"https:\/\/shop.vallin.lv\/product\/hn-insulated-1-2-inch-short-socket-wrench-size-32\/"},"modified":"2026-03-12T14:16:44","modified_gmt":"2026-03-12T12:16:44","slug":"hn-insulated-1-2-inch-short-socket-wrench-size-32","status":"publish","type":"product","link":"https:\/\/shop.vallin.lv\/lv\/products\/hn-insulated-1-2-inch-short-socket-wrench-size-32\/","title":{"rendered":"HN izol\u0113ta 1\/2 \"collas \u012bs\u0101 muci\u0146atsl\u0113ga, izm\u0113rs 32"},"content":{"rendered":"<p>Insulated tool. Working head and socket made of CrV steel. Hexagonal working head. 1\/2 inch square socket. Insulation made of plastisol (PVC), dipping technology. The tool's insulation is double-layered, in contrasting colors, white and orange. The thickness of each layer is at least 1 mm.<\/p>\n<p>Datu lapa:<br \/>\n<a href=\"https:\/\/hubix.pl\/en\/search\/7162-hn-insulated-12-inch-short-socket-wrench-size-32.html\" target=\"_blank\" rel=\"noopener\">Skat\u012bt<\/a><\/p>","protected":false},"excerpt":{"rendered":"<p>Insulated tool. Working head and socket made of CrV steel. Hexagonal working head. 1\/2 inch square socket. Insulation made of<\/p>","protected":false},"featured_media":41018,"template":"","meta":[],"product_brand":[],"product_cat":[862],"product_tag":[],"class_list":{"0":"post-41018","1":"product","2":"type-product","3":"status-publish","4":"has-post-thumbnail","6":"product_cat-for-work-up-to-1kv","8":"first","9":"outofstock","10":"taxable","11":"shipping-taxable","12":"purchasable","13":"product-type-simple"},"_links":{"self":[{"href":"https:\/\/shop.vallin.lv\/lv\/wp-json\/wp\/v2\/product\/41018","targetHints":{"allow":["GET"]}}],"collection":[{"href":"https:\/\/shop.vallin.lv\/lv\/wp-json\/wp\/v2\/product"}],"about":[{"href":"https:\/\/shop.vallin.lv\/lv\/wp-json\/wp\/v2\/types\/product"}],"version-history":[{"count":1,"href":"https:\/\/shop.vallin.lv\/lv\/wp-json\/wp\/v2\/product\/41018\/revisions"}],"predecessor-version":[{"id":41754,"href":"https:\/\/shop.vallin.lv\/lv\/wp-json\/wp\/v2\/product\/41018\/revisions\/41754"}],"wp:featuredmedia":[{"embeddable":true,"href":"https:\/\/shop.vallin.lv\/lv\/wp-json\/wp\/v2\/product\/41018"}],"wp:attachment":[{"href":"https:\/\/shop.vallin.lv\/lv\/wp-json\/wp\/v2\/media?parent=41018"}],"wp:term":[{"taxonomy":"product_brand","embeddable":true,"href":"https:\/\/shop.vallin.lv\/lv\/wp-json\/wp\/v2\/product_brand?post=41018"},{"taxonomy":"product_cat","embeddable":true,"href":"https:\/\/shop.vallin.lv\/lv\/wp-json\/wp\/v2\/product_cat?post=41018"},{"taxonomy":"product_tag","embeddable":true,"href":"https:\/\/shop.vallin.lv\/lv\/wp-json\/wp\/v2\/product_tag?post=41018"}],"curies":[{"name":"wp","href":"https:\/\/api.w.org\/{rel}","templated":true}]}}