{"id":40978,"date":"2025-12-12T13:39:47","date_gmt":"2025-12-12T11:39:47","guid":{"rendered":"https:\/\/shop.vallin.lv\/product\/insulated-ring-ratchet-wrench-no-22\/"},"modified":"2026-03-12T14:16:01","modified_gmt":"2026-03-12T12:16:01","slug":"insulated-ring-ratchet-wrench-no-22","status":"publish","type":"product","link":"https:\/\/shop.vallin.lv\/lv\/products\/insulated-ring-ratchet-wrench-no-22\/","title":{"rendered":"Izol\u0113ta gredzena Ratchet uzgrie\u017e\u0146atsl\u0113ga Nr. 22"},"content":{"rendered":"<p>Live working up to 1000 V AC and 1500 V DC on switchgear devices and on cable lines and overhead lines. The ring ratchet wrench is designed for loosening and tightening screw connections.<\/p>\n<p>Datu lapa:<br \/>\n<a href=\"https:\/\/hubix.pl\/en\/search\/insulated-ring-ratchet-wrench-no-22.html\" target=\"_blank\" rel=\"noopener\">Skat\u012bt<\/a><\/p>","protected":false},"excerpt":{"rendered":"<p>Live working up to 1000 V AC and 1500 V DC on switchgear devices and on cable lines and overhead<\/p>","protected":false},"featured_media":40978,"template":"","meta":[],"product_brand":[],"product_cat":[862],"product_tag":[],"class_list":{"0":"post-40978","1":"product","2":"type-product","3":"status-publish","4":"has-post-thumbnail","6":"product_cat-for-work-up-to-1kv","8":"first","9":"outofstock","10":"taxable","11":"shipping-taxable","12":"purchasable","13":"product-type-simple"},"_links":{"self":[{"href":"https:\/\/shop.vallin.lv\/lv\/wp-json\/wp\/v2\/product\/40978","targetHints":{"allow":["GET"]}}],"collection":[{"href":"https:\/\/shop.vallin.lv\/lv\/wp-json\/wp\/v2\/product"}],"about":[{"href":"https:\/\/shop.vallin.lv\/lv\/wp-json\/wp\/v2\/types\/product"}],"version-history":[{"count":1,"href":"https:\/\/shop.vallin.lv\/lv\/wp-json\/wp\/v2\/product\/40978\/revisions"}],"predecessor-version":[{"id":41714,"href":"https:\/\/shop.vallin.lv\/lv\/wp-json\/wp\/v2\/product\/40978\/revisions\/41714"}],"wp:featuredmedia":[{"embeddable":true,"href":"https:\/\/shop.vallin.lv\/lv\/wp-json\/wp\/v2\/product\/40978"}],"wp:attachment":[{"href":"https:\/\/shop.vallin.lv\/lv\/wp-json\/wp\/v2\/media?parent=40978"}],"wp:term":[{"taxonomy":"product_brand","embeddable":true,"href":"https:\/\/shop.vallin.lv\/lv\/wp-json\/wp\/v2\/product_brand?post=40978"},{"taxonomy":"product_cat","embeddable":true,"href":"https:\/\/shop.vallin.lv\/lv\/wp-json\/wp\/v2\/product_cat?post=40978"},{"taxonomy":"product_tag","embeddable":true,"href":"https:\/\/shop.vallin.lv\/lv\/wp-json\/wp\/v2\/product_tag?post=40978"}],"curies":[{"name":"wp","href":"https:\/\/api.w.org\/{rel}","templated":true}]}}