{"id":40956,"date":"2025-12-12T13:39:35","date_gmt":"2025-12-12T11:39:35","guid":{"rendered":"https:\/\/shop.vallin.lv\/product\/insulated-allen-wrench-no-4\/"},"modified":"2026-03-12T14:15:41","modified_gmt":"2026-03-12T12:15:41","slug":"insulated-allen-wrench-no-4","status":"publish","type":"product","link":"https:\/\/shop.vallin.lv\/lv\/products\/insulated-allen-wrench-no-4\/","title":{"rendered":"Izol\u0113ts Allen uzgrie\u017e\u0146atsl\u0113ga Nr. 4"},"content":{"rendered":"<p>Allen wrenches are used for live work up to 1 000 V AC or 1 500 V DC on switchgear devices and on cable and overhead lines. The wrench is designed for loosening and tightening of hexagon socket head screws.<\/p>\n<p>Datu lapa:<br \/>\n<a href=\"https:\/\/hubix.pl\/en\/search\/insulated-allen-wrench-no-4.html\" target=\"_blank\" rel=\"noopener\">Skat\u012bt<\/a><\/p>","protected":false},"excerpt":{"rendered":"<p>Allen wrenches are used for live work up to 1 000 V AC or 1 500 V DC on switchgear<\/p>","protected":false},"featured_media":40956,"template":"","meta":[],"product_brand":[],"product_cat":[862],"product_tag":[],"class_list":{"0":"post-40956","1":"product","2":"type-product","3":"status-publish","4":"has-post-thumbnail","6":"product_cat-for-work-up-to-1kv","8":"first","9":"outofstock","10":"taxable","11":"shipping-taxable","12":"purchasable","13":"product-type-simple"},"_links":{"self":[{"href":"https:\/\/shop.vallin.lv\/lv\/wp-json\/wp\/v2\/product\/40956","targetHints":{"allow":["GET"]}}],"collection":[{"href":"https:\/\/shop.vallin.lv\/lv\/wp-json\/wp\/v2\/product"}],"about":[{"href":"https:\/\/shop.vallin.lv\/lv\/wp-json\/wp\/v2\/types\/product"}],"version-history":[{"count":1,"href":"https:\/\/shop.vallin.lv\/lv\/wp-json\/wp\/v2\/product\/40956\/revisions"}],"predecessor-version":[{"id":41692,"href":"https:\/\/shop.vallin.lv\/lv\/wp-json\/wp\/v2\/product\/40956\/revisions\/41692"}],"wp:featuredmedia":[{"embeddable":true,"href":"https:\/\/shop.vallin.lv\/lv\/wp-json\/wp\/v2\/product\/40956"}],"wp:attachment":[{"href":"https:\/\/shop.vallin.lv\/lv\/wp-json\/wp\/v2\/media?parent=40956"}],"wp:term":[{"taxonomy":"product_brand","embeddable":true,"href":"https:\/\/shop.vallin.lv\/lv\/wp-json\/wp\/v2\/product_brand?post=40956"},{"taxonomy":"product_cat","embeddable":true,"href":"https:\/\/shop.vallin.lv\/lv\/wp-json\/wp\/v2\/product_cat?post=40956"},{"taxonomy":"product_tag","embeddable":true,"href":"https:\/\/shop.vallin.lv\/lv\/wp-json\/wp\/v2\/product_tag?post=40956"}],"curies":[{"name":"wp","href":"https:\/\/api.w.org\/{rel}","templated":true}]}}