{"id":40488,"date":"2025-12-11T10:52:14","date_gmt":"2025-12-11T08:52:14","guid":{"rendered":"https:\/\/shop.vallin.lv\/product\/extension-element-for-universal-equipment-carrier-extension-dimension-10-100-mm\/"},"modified":"2026-04-16T13:26:01","modified_gmt":"2026-04-16T11:26:01","slug":"extension-element-for-universal-equipment-carrier-extension-dimension-10-100-mm","status":"publish","type":"product","link":"https:\/\/shop.vallin.lv\/lv\/products\/extension-element-for-universal-equipment-carrier-extension-dimension-10-100-mm\/","title":{"rendered":"Pagarin\u0101juma elements univers\u0101lam apr\u012bkojuma tur\u0113t\u0101jam, pagarin\u0101juma izm\u0113rs 10\u2013100 mm"},"content":{"rendered":"<p>Universal equipment carrier with combination insert<br \/>\nUniversal equipment carrier with combination insert for the installation of entryphones and installation accessories on the insulated external facade. The perfect basis for intercoms, sockets, switches and much more, and also for two-unit and three-unit combinations.<\/p>\n<p>Guarantees installation without heat bridges<br \/>\nFor entryphones and variable accessory installation combinations of 1 to 3 units<br \/>\nFor future expansion without damaging the external facade<br \/>\nFor insulation thicknesses up to 360 mm<\/p>\n<p><a href=\"https:\/\/www.kaiser-elektro.de\/en_DE\/redirect\/article-plain\/identifier\/1159-27\" target=\"_blank\" rel=\"noopener\">Vair\u0101k inform\u0101cijas<\/a><\/p>\n<p>Datu lapa:<br \/>\n<a href=\"https:\/\/www.kaiser-elektro.de\/en_DE\/redirect\/datasheet\/identifier\/1159-27\" target=\"_blank\" rel=\"noopener\">Skat\u012bt<\/a><\/p>","protected":false},"excerpt":{"rendered":"<p>Universal equipment carrier with combination insert Universal equipment carrier with combination insert for the installation of entryphones and installation accessories<\/p>","protected":false},"featured_media":40488,"template":"","meta":[],"product_brand":[],"product_cat":[788],"product_tag":[],"class_list":{"0":"post-40488","1":"product","2":"type-product","3":"status-publish","4":"has-post-thumbnail","6":"product_cat-accessories-installation-boxes-and-systems","8":"first","9":"outofstock","10":"taxable","11":"shipping-taxable","12":"purchasable","13":"product-type-simple"},"_links":{"self":[{"href":"https:\/\/shop.vallin.lv\/lv\/wp-json\/wp\/v2\/product\/40488","targetHints":{"allow":["GET"]}}],"collection":[{"href":"https:\/\/shop.vallin.lv\/lv\/wp-json\/wp\/v2\/product"}],"about":[{"href":"https:\/\/shop.vallin.lv\/lv\/wp-json\/wp\/v2\/types\/product"}],"version-history":[{"count":3,"href":"https:\/\/shop.vallin.lv\/lv\/wp-json\/wp\/v2\/product\/40488\/revisions"}],"predecessor-version":[{"id":67757,"href":"https:\/\/shop.vallin.lv\/lv\/wp-json\/wp\/v2\/product\/40488\/revisions\/67757"}],"wp:featuredmedia":[{"embeddable":true,"href":"https:\/\/shop.vallin.lv\/lv\/wp-json\/wp\/v2\/product\/40488"}],"wp:attachment":[{"href":"https:\/\/shop.vallin.lv\/lv\/wp-json\/wp\/v2\/media?parent=40488"}],"wp:term":[{"taxonomy":"product_brand","embeddable":true,"href":"https:\/\/shop.vallin.lv\/lv\/wp-json\/wp\/v2\/product_brand?post=40488"},{"taxonomy":"product_cat","embeddable":true,"href":"https:\/\/shop.vallin.lv\/lv\/wp-json\/wp\/v2\/product_cat?post=40488"},{"taxonomy":"product_tag","embeddable":true,"href":"https:\/\/shop.vallin.lv\/lv\/wp-json\/wp\/v2\/product_tag?post=40488"}],"curies":[{"name":"wp","href":"https:\/\/api.w.org\/{rel}","templated":true}]}}