{"id":32129,"date":"2025-12-10T20:30:49","date_gmt":"2025-12-10T18:30:49","guid":{"rendered":"https:\/\/shop.vallin.lv\/product\/corner-mounting-bracket-anthracite\/"},"modified":"2026-04-16T14:23:39","modified_gmt":"2026-04-16T12:23:39","slug":"corner-mounting-bracket-anthracite","status":"publish","type":"product","link":"https:\/\/shop.vallin.lv\/lv\/products\/corner-mounting-bracket-anthracite\/","title":{"rendered":"St\u016bra mont\u0101\u017eas kron\u0161teins, antrac\u012bts"},"content":{"rendered":"<p>For monitoring 2 sides of the house, installation in the corner of the house, surface or flush mounting, also suitable for installation on downpipes<\/p>\n<p><a href=\"https:\/\/www.theben.de\/product\/9080031\" target=\"_blank\" rel=\"noopener\">Vair\u0101k inform\u0101cijas<\/a><\/p>\n<p>Datu lapa:<br \/>\n<a href=\"https:\/\/www.theben.de\/product\/9080031\/datasheet\" target=\"_blank\" rel=\"noopener\">Skat\u012bt<\/a><\/p>","protected":false},"excerpt":{"rendered":"<p>For monitoring 2 sides of the house, installation in the corner of the house, surface or flush mounting, also suitable<\/p>","protected":false},"featured_media":32129,"template":"","meta":[],"product_brand":[],"product_cat":[894],"product_tag":[],"class_list":{"0":"post-32129","1":"product","2":"type-product","3":"status-publish","4":"has-post-thumbnail","6":"product_cat-wallmounted-outdoor-presence-and-motion-sensors","8":"first","9":"outofstock","10":"taxable","11":"shipping-taxable","12":"purchasable","13":"product-type-simple"},"_links":{"self":[{"href":"https:\/\/shop.vallin.lv\/lv\/wp-json\/wp\/v2\/product\/32129","targetHints":{"allow":["GET"]}}],"collection":[{"href":"https:\/\/shop.vallin.lv\/lv\/wp-json\/wp\/v2\/product"}],"about":[{"href":"https:\/\/shop.vallin.lv\/lv\/wp-json\/wp\/v2\/types\/product"}],"version-history":[{"count":3,"href":"https:\/\/shop.vallin.lv\/lv\/wp-json\/wp\/v2\/product\/32129\/revisions"}],"predecessor-version":[{"id":68657,"href":"https:\/\/shop.vallin.lv\/lv\/wp-json\/wp\/v2\/product\/32129\/revisions\/68657"}],"wp:featuredmedia":[{"embeddable":true,"href":"https:\/\/shop.vallin.lv\/lv\/wp-json\/wp\/v2\/product\/32129"}],"wp:attachment":[{"href":"https:\/\/shop.vallin.lv\/lv\/wp-json\/wp\/v2\/media?parent=32129"}],"wp:term":[{"taxonomy":"product_brand","embeddable":true,"href":"https:\/\/shop.vallin.lv\/lv\/wp-json\/wp\/v2\/product_brand?post=32129"},{"taxonomy":"product_cat","embeddable":true,"href":"https:\/\/shop.vallin.lv\/lv\/wp-json\/wp\/v2\/product_cat?post=32129"},{"taxonomy":"product_tag","embeddable":true,"href":"https:\/\/shop.vallin.lv\/lv\/wp-json\/wp\/v2\/product_tag?post=32129"}],"curies":[{"name":"wp","href":"https:\/\/api.w.org\/{rel}","templated":true}]}}