{"id":32065,"date":"2025-12-10T20:30:14","date_gmt":"2025-12-10T18:30:14","guid":{"rendered":"https:\/\/shop.vallin.lv\/product\/ap-frame-for-presence-detector\/"},"modified":"2026-04-16T14:23:36","modified_gmt":"2026-04-16T12:23:36","slug":"ap-frame-for-presence-detector","status":"publish","type":"product","link":"https:\/\/shop.vallin.lv\/lv\/products\/ap-frame-for-presence-detector\/","title":{"rendered":"AP r\u0101mis kl\u0101tb\u016btnes detektoram"},"content":{"rendered":"<p>Surface-mounted frame for LUXA 104 presence detector, white<\/p>\n<p><a href=\"https:\/\/www.theben.de\/product\/9070819\" target=\"_blank\" rel=\"noopener\">Vair\u0101k inform\u0101cijas<\/a><\/p>\n<p>Datu lapa:<br \/>\n<a href=\"https:\/\/www.theben.de\/product\/9070819\/datasheet\" target=\"_blank\" rel=\"noopener\">Skat\u012bt<\/a><\/p>","protected":false},"excerpt":{"rendered":"<p>Surface-mounted frame for LUXA 104 presence detector, white More information Data Sheet: View<\/p>","protected":false},"featured_media":32065,"template":"","meta":[],"product_brand":[],"product_cat":[892],"product_tag":[],"class_list":{"0":"post-32065","1":"product","2":"type-product","3":"status-publish","4":"has-post-thumbnail","6":"product_cat-ceilingmounted-indoor-presence-and-motion-sensors","8":"first","9":"outofstock","10":"taxable","11":"shipping-taxable","12":"purchasable","13":"product-type-simple"},"_links":{"self":[{"href":"https:\/\/shop.vallin.lv\/lv\/wp-json\/wp\/v2\/product\/32065","targetHints":{"allow":["GET"]}}],"collection":[{"href":"https:\/\/shop.vallin.lv\/lv\/wp-json\/wp\/v2\/product"}],"about":[{"href":"https:\/\/shop.vallin.lv\/lv\/wp-json\/wp\/v2\/types\/product"}],"version-history":[{"count":3,"href":"https:\/\/shop.vallin.lv\/lv\/wp-json\/wp\/v2\/product\/32065\/revisions"}],"predecessor-version":[{"id":68593,"href":"https:\/\/shop.vallin.lv\/lv\/wp-json\/wp\/v2\/product\/32065\/revisions\/68593"}],"wp:featuredmedia":[{"embeddable":true,"href":"https:\/\/shop.vallin.lv\/lv\/wp-json\/wp\/v2\/product\/32065"}],"wp:attachment":[{"href":"https:\/\/shop.vallin.lv\/lv\/wp-json\/wp\/v2\/media?parent=32065"}],"wp:term":[{"taxonomy":"product_brand","embeddable":true,"href":"https:\/\/shop.vallin.lv\/lv\/wp-json\/wp\/v2\/product_brand?post=32065"},{"taxonomy":"product_cat","embeddable":true,"href":"https:\/\/shop.vallin.lv\/lv\/wp-json\/wp\/v2\/product_cat?post=32065"},{"taxonomy":"product_tag","embeddable":true,"href":"https:\/\/shop.vallin.lv\/lv\/wp-json\/wp\/v2\/product_tag?post=32065"}],"curies":[{"name":"wp","href":"https:\/\/api.w.org\/{rel}","templated":true}]}}