{"id":32034,"date":"2025-12-10T20:29:52","date_gmt":"2025-12-10T18:29:52","guid":{"rendered":"https:\/\/shop.vallin.lv\/product\/cover-frame-gray-for-theronda-flat-de\/"},"modified":"2026-04-16T14:23:06","modified_gmt":"2026-04-16T12:23:06","slug":"cover-frame-gray-for-theronda-flat-de","status":"publish","type":"product","link":"https:\/\/shop.vallin.lv\/lv\/products\/cover-frame-gray-for-theronda-flat-de\/","title":{"rendered":"P\u0101rsega r\u0101mis, pel\u0113ks, priek\u0161 Ronda FLAT DE"},"content":{"rendered":"<p>Cover frame in gray for theRonda FLAT DE<\/p>\n<p><a href=\"https:\/\/www.theben.de\/product\/9070597\" target=\"_blank\" rel=\"noopener\">Vair\u0101k inform\u0101cijas<\/a><\/p>\n<p>Datu lapa:<br \/>\n<a href=\"https:\/\/www.theben.de\/product\/9070597\/datasheet\" target=\"_blank\" rel=\"noopener\">Skat\u012bt<\/a><\/p>","protected":false},"excerpt":{"rendered":"<p>Cover frame in gray for theRonda FLAT DE More information Data Sheet: View<\/p>","protected":false},"featured_media":32034,"template":"","meta":[],"product_brand":[],"product_cat":[892],"product_tag":[],"class_list":{"0":"post-32034","1":"product","2":"type-product","3":"status-publish","4":"has-post-thumbnail","6":"product_cat-ceilingmounted-indoor-presence-and-motion-sensors","8":"first","9":"outofstock","10":"taxable","11":"shipping-taxable","12":"purchasable","13":"product-type-simple"},"_links":{"self":[{"href":"https:\/\/shop.vallin.lv\/lv\/wp-json\/wp\/v2\/product\/32034","targetHints":{"allow":["GET"]}}],"collection":[{"href":"https:\/\/shop.vallin.lv\/lv\/wp-json\/wp\/v2\/product"}],"about":[{"href":"https:\/\/shop.vallin.lv\/lv\/wp-json\/wp\/v2\/types\/product"}],"version-history":[{"count":3,"href":"https:\/\/shop.vallin.lv\/lv\/wp-json\/wp\/v2\/product\/32034\/revisions"}],"predecessor-version":[{"id":68562,"href":"https:\/\/shop.vallin.lv\/lv\/wp-json\/wp\/v2\/product\/32034\/revisions\/68562"}],"wp:featuredmedia":[{"embeddable":true,"href":"https:\/\/shop.vallin.lv\/lv\/wp-json\/wp\/v2\/product\/32034"}],"wp:attachment":[{"href":"https:\/\/shop.vallin.lv\/lv\/wp-json\/wp\/v2\/media?parent=32034"}],"wp:term":[{"taxonomy":"product_brand","embeddable":true,"href":"https:\/\/shop.vallin.lv\/lv\/wp-json\/wp\/v2\/product_brand?post=32034"},{"taxonomy":"product_cat","embeddable":true,"href":"https:\/\/shop.vallin.lv\/lv\/wp-json\/wp\/v2\/product_cat?post=32034"},{"taxonomy":"product_tag","embeddable":true,"href":"https:\/\/shop.vallin.lv\/lv\/wp-json\/wp\/v2\/product_tag?post=32034"}],"curies":[{"name":"wp","href":"https:\/\/api.w.org\/{rel}","templated":true}]}}