{"id":32033,"date":"2025-12-10T20:29:52","date_gmt":"2025-12-10T18:29:52","guid":{"rendered":"https:\/\/shop.vallin.lv\/product\/cover-frame-gray-for-theronda-de-and-themova-de\/"},"modified":"2026-04-16T14:20:08","modified_gmt":"2026-04-16T12:20:08","slug":"cover-frame-gray-for-theronda-de-and-themova-de","status":"publish","type":"product","link":"https:\/\/shop.vallin.lv\/lv\/products\/cover-frame-gray-for-theronda-de-and-themova-de\/","title":{"rendered":"P\u0101rsega r\u0101mis, pel\u0113ks, Ronda DE un theMova DE"},"content":{"rendered":"<p>Cover frame in gray for theRonda DE and theMova DE<\/p>\n<p><a href=\"https:\/\/www.theben.de\/product\/9070594\" target=\"_blank\" rel=\"noopener\">Vair\u0101k inform\u0101cijas<\/a><\/p>\n<p>Datu lapa:<br \/>\n<a href=\"https:\/\/www.theben.de\/product\/9070594\/datasheet\" target=\"_blank\" rel=\"noopener\">Skat\u012bt<\/a><\/p>","protected":false},"excerpt":{"rendered":"<p>Cover frame in gray for theRonda DE and theMova DE More information Data Sheet: View<\/p>","protected":false},"featured_media":32033,"template":"","meta":[],"product_brand":[],"product_cat":[892],"product_tag":[],"class_list":{"0":"post-32033","1":"product","2":"type-product","3":"status-publish","4":"has-post-thumbnail","6":"product_cat-ceilingmounted-indoor-presence-and-motion-sensors","8":"first","9":"instock","10":"taxable","11":"shipping-taxable","12":"purchasable","13":"product-type-simple"},"_links":{"self":[{"href":"https:\/\/shop.vallin.lv\/lv\/wp-json\/wp\/v2\/product\/32033","targetHints":{"allow":["GET"]}}],"collection":[{"href":"https:\/\/shop.vallin.lv\/lv\/wp-json\/wp\/v2\/product"}],"about":[{"href":"https:\/\/shop.vallin.lv\/lv\/wp-json\/wp\/v2\/types\/product"}],"version-history":[{"count":3,"href":"https:\/\/shop.vallin.lv\/lv\/wp-json\/wp\/v2\/product\/32033\/revisions"}],"predecessor-version":[{"id":68561,"href":"https:\/\/shop.vallin.lv\/lv\/wp-json\/wp\/v2\/product\/32033\/revisions\/68561"}],"wp:featuredmedia":[{"embeddable":true,"href":"https:\/\/shop.vallin.lv\/lv\/wp-json\/wp\/v2\/product\/32033"}],"wp:attachment":[{"href":"https:\/\/shop.vallin.lv\/lv\/wp-json\/wp\/v2\/media?parent=32033"}],"wp:term":[{"taxonomy":"product_brand","embeddable":true,"href":"https:\/\/shop.vallin.lv\/lv\/wp-json\/wp\/v2\/product_brand?post=32033"},{"taxonomy":"product_cat","embeddable":true,"href":"https:\/\/shop.vallin.lv\/lv\/wp-json\/wp\/v2\/product_cat?post=32033"},{"taxonomy":"product_tag","embeddable":true,"href":"https:\/\/shop.vallin.lv\/lv\/wp-json\/wp\/v2\/product_tag?post=32033"}],"curies":[{"name":"wp","href":"https:\/\/api.w.org\/{rel}","templated":true}]}}