{"id":32032,"date":"2025-12-10T20:29:51","date_gmt":"2025-12-10T18:29:51","guid":{"rendered":"https:\/\/shop.vallin.lv\/product\/cover-frame-gray-for-theronda-flush-mounted-themova-p-and-thepassa-p\/"},"modified":"2026-05-07T15:56:06","modified_gmt":"2026-05-07T13:56:06","slug":"cover-frame-gray-for-theronda-flush-mounted-themova-p-and-thepassa-p","status":"publish","type":"product","link":"https:\/\/shop.vallin.lv\/lv\/products\/cover-frame-gray-for-theronda-flush-mounted-themova-p-and-thepassa-p\/","title":{"rendered":"P\u0101rsega r\u0101mis, pel\u0113ks, Ronda Flush uzst\u0101d\u012bts, theMova P un thePassa P"},"content":{"rendered":"<p>Cover frame in gray for theRonda Flush-mounted, theMova P, and thePassa P<\/p>\n<p><a href=\"https:\/\/www.theben.de\/product\/9070591\" target=\"_blank\" rel=\"noopener\">Vair\u0101k inform\u0101cijas<\/a><\/p>\n<p>Datu lapa:<br \/>\n<a href=\"https:\/\/www.theben.de\/product\/9070591\/datasheet\" target=\"_blank\" rel=\"noopener\">Skat\u012bt<\/a><\/p>","protected":false},"excerpt":{"rendered":"<p>Cover frame in gray for theRonda Flush-mounted, theMova P, and thePassa P More information Data Sheet: View<\/p>","protected":false},"featured_media":32032,"template":"","meta":[],"product_brand":[],"product_cat":[892],"product_tag":[],"class_list":{"0":"post-32032","1":"product","2":"type-product","3":"status-publish","4":"has-post-thumbnail","6":"product_cat-ceilingmounted-indoor-presence-and-motion-sensors","8":"first","9":"instock","10":"taxable","11":"shipping-taxable","12":"purchasable","13":"product-type-simple"},"_links":{"self":[{"href":"https:\/\/shop.vallin.lv\/lv\/wp-json\/wp\/v2\/product\/32032","targetHints":{"allow":["GET"]}}],"collection":[{"href":"https:\/\/shop.vallin.lv\/lv\/wp-json\/wp\/v2\/product"}],"about":[{"href":"https:\/\/shop.vallin.lv\/lv\/wp-json\/wp\/v2\/types\/product"}],"version-history":[{"count":3,"href":"https:\/\/shop.vallin.lv\/lv\/wp-json\/wp\/v2\/product\/32032\/revisions"}],"predecessor-version":[{"id":68560,"href":"https:\/\/shop.vallin.lv\/lv\/wp-json\/wp\/v2\/product\/32032\/revisions\/68560"}],"wp:featuredmedia":[{"embeddable":true,"href":"https:\/\/shop.vallin.lv\/lv\/wp-json\/wp\/v2\/product\/32032"}],"wp:attachment":[{"href":"https:\/\/shop.vallin.lv\/lv\/wp-json\/wp\/v2\/media?parent=32032"}],"wp:term":[{"taxonomy":"product_brand","embeddable":true,"href":"https:\/\/shop.vallin.lv\/lv\/wp-json\/wp\/v2\/product_brand?post=32032"},{"taxonomy":"product_cat","embeddable":true,"href":"https:\/\/shop.vallin.lv\/lv\/wp-json\/wp\/v2\/product_cat?post=32032"},{"taxonomy":"product_tag","embeddable":true,"href":"https:\/\/shop.vallin.lv\/lv\/wp-json\/wp\/v2\/product_tag?post=32032"}],"curies":[{"name":"wp","href":"https:\/\/api.w.org\/{rel}","templated":true}]}}