{"id":32031,"date":"2025-12-10T20:29:51","date_gmt":"2025-12-10T18:29:51","guid":{"rendered":"https:\/\/shop.vallin.lv\/product\/quicksafe-round-protective-grille-for-eco-ir-360\/"},"modified":"2026-04-16T14:23:04","modified_gmt":"2026-04-16T12:23:04","slug":"quicksafe-round-protective-grille-for-eco-ir-360","status":"publish","type":"product","link":"https:\/\/shop.vallin.lv\/lv\/products\/quicksafe-round-protective-grille-for-eco-ir-360\/","title":{"rendered":"Quicksafe apa\u013cais aizsargre\u017e\u0123is ECO-IR 360"},"content":{"rendered":"<p>Quicksafe round protective grille for ECO-IR 360 made of metal, white<\/p>\n<p><a href=\"https:\/\/www.theben.de\/product\/9070531\" target=\"_blank\" rel=\"noopener\">Vair\u0101k inform\u0101cijas<\/a><\/p>\n<p>Datu lapa:<br \/>\n<a href=\"https:\/\/www.theben.de\/product\/9070531\/datasheet\" target=\"_blank\" rel=\"noopener\">Skat\u012bt<\/a><\/p>","protected":false},"excerpt":{"rendered":"<p>Quicksafe round protective grille for ECO-IR 360 made of metal, white More information Data Sheet: View<\/p>","protected":false},"featured_media":32031,"template":"","meta":[],"product_brand":[],"product_cat":[908],"product_tag":[],"class_list":{"0":"post-32031","1":"product","2":"type-product","3":"status-publish","4":"has-post-thumbnail","6":"product_cat-accessories-lighting-and-climate-control","8":"first","9":"outofstock","10":"taxable","11":"shipping-taxable","12":"purchasable","13":"product-type-simple"},"_links":{"self":[{"href":"https:\/\/shop.vallin.lv\/lv\/wp-json\/wp\/v2\/product\/32031","targetHints":{"allow":["GET"]}}],"collection":[{"href":"https:\/\/shop.vallin.lv\/lv\/wp-json\/wp\/v2\/product"}],"about":[{"href":"https:\/\/shop.vallin.lv\/lv\/wp-json\/wp\/v2\/types\/product"}],"version-history":[{"count":3,"href":"https:\/\/shop.vallin.lv\/lv\/wp-json\/wp\/v2\/product\/32031\/revisions"}],"predecessor-version":[{"id":68559,"href":"https:\/\/shop.vallin.lv\/lv\/wp-json\/wp\/v2\/product\/32031\/revisions\/68559"}],"wp:featuredmedia":[{"embeddable":true,"href":"https:\/\/shop.vallin.lv\/lv\/wp-json\/wp\/v2\/product\/32031"}],"wp:attachment":[{"href":"https:\/\/shop.vallin.lv\/lv\/wp-json\/wp\/v2\/media?parent=32031"}],"wp:term":[{"taxonomy":"product_brand","embeddable":true,"href":"https:\/\/shop.vallin.lv\/lv\/wp-json\/wp\/v2\/product_brand?post=32031"},{"taxonomy":"product_cat","embeddable":true,"href":"https:\/\/shop.vallin.lv\/lv\/wp-json\/wp\/v2\/product_cat?post=32031"},{"taxonomy":"product_tag","embeddable":true,"href":"https:\/\/shop.vallin.lv\/lv\/wp-json\/wp\/v2\/product_tag?post=32031"}],"curies":[{"name":"wp","href":"https:\/\/api.w.org\/{rel}","templated":true}]}}