{"id":32017,"date":"2025-12-10T20:29:42","date_gmt":"2025-12-10T18:29:42","guid":{"rendered":"https:\/\/shop.vallin.lv\/product\/actuator-alpha-5-230-v-silent-normally-closed\/"},"modified":"2026-04-16T14:20:58","modified_gmt":"2026-04-16T12:20:58","slug":"actuator-alpha-5-230-v-silent-normally-closed","status":"publish","type":"product","link":"https:\/\/shop.vallin.lv\/lv\/products\/actuator-alpha-5-230-v-silent-normally-closed\/","title":{"rendered":"Izpildmeh\u0101nisms ALPHA 5 230 V, kluss, norm\u0101li aizv\u0113rts"},"content":{"rendered":"<p>Actuator (230 V) suitable for heating circuit distributor\/radiator valves and RAMSES devices, silent, de-energized closed, connection cable length 1 m, protection class IP 54, plug-in mounting on valve adapter, function and adjustment check, removal protection through removable SafeGuard, guaranteed overvoltage protection<\/p>\n<p><a href=\"https:\/\/www.theben.de\/product\/9070441\" target=\"_blank\" rel=\"noopener\">Vair\u0101k inform\u0101cijas<\/a><\/p>\n<p>Datu lapa:<br \/>\n<a href=\"https:\/\/www.theben.de\/product\/9070441\/datasheet\" target=\"_blank\" rel=\"noopener\">Skat\u012bt<\/a><\/p>","protected":false},"excerpt":{"rendered":"<p>Actuator (230 V) suitable for heating circuit distributor\/radiator valves and RAMSES devices, silent, de-energized closed, connection cable length 1 m,<\/p>","protected":false},"featured_media":32017,"template":"","meta":[],"product_brand":[],"product_cat":[908],"product_tag":[],"class_list":{"0":"post-32017","1":"product","2":"type-product","3":"status-publish","4":"has-post-thumbnail","6":"product_cat-accessories-lighting-and-climate-control","8":"first","9":"instock","10":"taxable","11":"shipping-taxable","12":"purchasable","13":"product-type-simple"},"_links":{"self":[{"href":"https:\/\/shop.vallin.lv\/lv\/wp-json\/wp\/v2\/product\/32017","targetHints":{"allow":["GET"]}}],"collection":[{"href":"https:\/\/shop.vallin.lv\/lv\/wp-json\/wp\/v2\/product"}],"about":[{"href":"https:\/\/shop.vallin.lv\/lv\/wp-json\/wp\/v2\/types\/product"}],"version-history":[{"count":3,"href":"https:\/\/shop.vallin.lv\/lv\/wp-json\/wp\/v2\/product\/32017\/revisions"}],"predecessor-version":[{"id":68545,"href":"https:\/\/shop.vallin.lv\/lv\/wp-json\/wp\/v2\/product\/32017\/revisions\/68545"}],"wp:featuredmedia":[{"embeddable":true,"href":"https:\/\/shop.vallin.lv\/lv\/wp-json\/wp\/v2\/product\/32017"}],"wp:attachment":[{"href":"https:\/\/shop.vallin.lv\/lv\/wp-json\/wp\/v2\/media?parent=32017"}],"wp:term":[{"taxonomy":"product_brand","embeddable":true,"href":"https:\/\/shop.vallin.lv\/lv\/wp-json\/wp\/v2\/product_brand?post=32017"},{"taxonomy":"product_cat","embeddable":true,"href":"https:\/\/shop.vallin.lv\/lv\/wp-json\/wp\/v2\/product_cat?post=32017"},{"taxonomy":"product_tag","embeddable":true,"href":"https:\/\/shop.vallin.lv\/lv\/wp-json\/wp\/v2\/product_tag?post=32017"}],"curies":[{"name":"wp","href":"https:\/\/api.w.org\/{rel}","templated":true}]}}