{"id":31946,"date":"2025-12-10T20:28:39","date_gmt":"2025-12-10T18:28:39","guid":{"rendered":"https:\/\/shop.vallin.lv\/product\/separate-light-collector-ip-54-with-wall-bracket\/"},"modified":"2026-03-12T15:30:49","modified_gmt":"2026-03-12T13:30:49","slug":"separate-light-collector-ip-54-with-wall-bracket","status":"publish","type":"product","link":"https:\/\/shop.vallin.lv\/lv\/products\/separate-light-collector-ip-54-with-wall-bracket\/","title":{"rendered":"Atsevi\u0161\u0137s gaismas kolektors (IP 54) ar sienas kron\u0161teinu"},"content":{"rendered":"<p>Separate light collector (IP 54), with wall bracket<\/p>\n<p><a href=\"https:\/\/www.theben.de\/product\/9070008\" target=\"_blank\" rel=\"noopener\">Vair\u0101k inform\u0101cijas<\/a><\/p>\n<p>Datu lapa:<br \/>\n<a href=\"https:\/\/www.theben.de\/product\/9070008\/datasheet\" target=\"_blank\" rel=\"noopener\">Skat\u012bt<\/a><\/p>","protected":false},"excerpt":{"rendered":"<p>Separate light collector (IP 54), with wall bracket More information Data Sheet: View<\/p>","protected":false},"featured_media":31946,"template":"","meta":[],"product_brand":[],"product_cat":[929],"product_tag":[],"class_list":{"0":"post-31946","1":"product","2":"type-product","3":"status-publish","4":"has-post-thumbnail","6":"product_cat-din-digital-timers","8":"first","9":"outofstock","10":"taxable","11":"shipping-taxable","12":"product-type-simple"},"_links":{"self":[{"href":"https:\/\/shop.vallin.lv\/lv\/wp-json\/wp\/v2\/product\/31946","targetHints":{"allow":["GET"]}}],"collection":[{"href":"https:\/\/shop.vallin.lv\/lv\/wp-json\/wp\/v2\/product"}],"about":[{"href":"https:\/\/shop.vallin.lv\/lv\/wp-json\/wp\/v2\/types\/product"}],"version-history":[{"count":3,"href":"https:\/\/shop.vallin.lv\/lv\/wp-json\/wp\/v2\/product\/31946\/revisions"}],"predecessor-version":[{"id":68510,"href":"https:\/\/shop.vallin.lv\/lv\/wp-json\/wp\/v2\/product\/31946\/revisions\/68510"}],"wp:featuredmedia":[{"embeddable":true,"href":"https:\/\/shop.vallin.lv\/lv\/wp-json\/wp\/v2\/product\/31946"}],"wp:attachment":[{"href":"https:\/\/shop.vallin.lv\/lv\/wp-json\/wp\/v2\/media?parent=31946"}],"wp:term":[{"taxonomy":"product_brand","embeddable":true,"href":"https:\/\/shop.vallin.lv\/lv\/wp-json\/wp\/v2\/product_brand?post=31946"},{"taxonomy":"product_cat","embeddable":true,"href":"https:\/\/shop.vallin.lv\/lv\/wp-json\/wp\/v2\/product_cat?post=31946"},{"taxonomy":"product_tag","embeddable":true,"href":"https:\/\/shop.vallin.lv\/lv\/wp-json\/wp\/v2\/product_tag?post=31946"}],"curies":[{"name":"wp","href":"https:\/\/api.w.org\/{rel}","templated":true}]}}