{"id":31913,"date":"2025-12-10T20:28:23","date_gmt":"2025-12-10T18:28:23","guid":{"rendered":"https:\/\/shop.vallin.lv\/product\/digital-clock-thermostat-weekly-program-battery-version-app-control-possible-receiver-for-din-rail\/"},"modified":"2026-04-16T14:20:26","modified_gmt":"2026-04-16T12:20:26","slug":"digital-clock-thermostat-weekly-program-battery-version-app-control-possible-receiver-for-din-rail","status":"publish","type":"product","link":"https:\/\/shop.vallin.lv\/lv\/products\/digital-clock-thermostat-weekly-program-battery-version-app-control-possible-receiver-for-din-rail\/","title":{"rendered":"Digit\u0101lais pulkste\u0146a termostats, ned\u0113\u013cas programma, akumulatora versija, iesp\u0113jama lietot\u0146u vad\u012bba, uztv\u0113r\u0113js DIN sliedei"},"content":{"rendered":"<p>Digital clock thermostat for time-dependent monitoring and control of room temperature, radio-controlled system for room temperature control, the system consists of a RAMSES 813 top3 HF receiver REC 1 (5 TE series installation device) with a changeover contact 6(2) A\/250 V AC, battery version (also for retrofitting with 2-wire connection), mounting on flush-mounted box, operation on the device or via app, direct Bluetooth Low Energy (BLE) connection between app and clock thermostat, no communication via the Internet, convenient settings via app with intuitive operation from smartphone or tablet, Increased ease of use, 3 individually programmable weekly programs, as well as comfort, eco, and setback functions, Suitable for energy-saving room temperature control in single-family homes, apartments, etc., Illuminated display when buttons are pressed, External input for flexible connection of either an external room temperature sensor, floor sensor, motion detector, or telephone contact, Intelligent control algorithm (pulse duration controller, hysteresis controller), Suitable for e.g. on\/off heating, zone or single room control, electric heating<\/p>\n<p><a href=\"https:\/\/www.theben.de\/product\/8139201\/operating-instructions\" target=\"_blank\" rel=\"noopener\">Lejupiel\u0101d\u0113t vair\u0101k inform\u0101cijas<\/a><\/p>\n<p><a href=\"https:\/\/www.theben.de\/product\/8139201\" target=\"_blank\" rel=\"noopener\">Vair\u0101k inform\u0101cijas<\/a><\/p>\n<p>Datu lapa:<br \/>\n<a href=\"https:\/\/www.theben.de\/product\/8139201\/datasheet\" target=\"_blank\" rel=\"noopener\">Skat\u012bt<\/a><\/p>","protected":false},"excerpt":{"rendered":"<p>Digital clock thermostat for time-dependent monitoring and control of room temperature, radio-controlled system for room temperature control, the system consists<\/p>","protected":false},"featured_media":31913,"template":"","meta":[],"product_brand":[],"product_cat":[913],"product_tag":[],"class_list":{"0":"post-31913","1":"product","2":"type-product","3":"status-publish","4":"has-post-thumbnail","6":"product_cat-smartphone-control","8":"first","9":"outofstock","10":"taxable","11":"shipping-taxable","12":"purchasable","13":"product-type-simple"},"_links":{"self":[{"href":"https:\/\/shop.vallin.lv\/lv\/wp-json\/wp\/v2\/product\/31913","targetHints":{"allow":["GET"]}}],"collection":[{"href":"https:\/\/shop.vallin.lv\/lv\/wp-json\/wp\/v2\/product"}],"about":[{"href":"https:\/\/shop.vallin.lv\/lv\/wp-json\/wp\/v2\/types\/product"}],"version-history":[{"count":4,"href":"https:\/\/shop.vallin.lv\/lv\/wp-json\/wp\/v2\/product\/31913\/revisions"}],"predecessor-version":[{"id":68493,"href":"https:\/\/shop.vallin.lv\/lv\/wp-json\/wp\/v2\/product\/31913\/revisions\/68493"}],"wp:featuredmedia":[{"embeddable":true,"href":"https:\/\/shop.vallin.lv\/lv\/wp-json\/wp\/v2\/product\/31913"}],"wp:attachment":[{"href":"https:\/\/shop.vallin.lv\/lv\/wp-json\/wp\/v2\/media?parent=31913"}],"wp:term":[{"taxonomy":"product_brand","embeddable":true,"href":"https:\/\/shop.vallin.lv\/lv\/wp-json\/wp\/v2\/product_brand?post=31913"},{"taxonomy":"product_cat","embeddable":true,"href":"https:\/\/shop.vallin.lv\/lv\/wp-json\/wp\/v2\/product_cat?post=31913"},{"taxonomy":"product_tag","embeddable":true,"href":"https:\/\/shop.vallin.lv\/lv\/wp-json\/wp\/v2\/product_tag?post=31913"}],"curies":[{"name":"wp","href":"https:\/\/api.w.org\/{rel}","templated":true}]}}