{"id":31907,"date":"2025-12-10T20:28:18","date_gmt":"2025-12-10T18:28:18","guid":{"rendered":"https:\/\/shop.vallin.lv\/product\/digital-clock-thermostat-weekly-program-app-control\/"},"modified":"2026-04-16T14:20:25","modified_gmt":"2026-04-16T12:20:25","slug":"digital-clock-thermostat-weekly-program-app-control","status":"publish","type":"product","link":"https:\/\/shop.vallin.lv\/lv\/products\/digital-clock-thermostat-weekly-program-app-control\/","title":{"rendered":"Digit\u0101lais pulkste\u0146a termostats, ned\u0113\u013cas programma, lietot\u0146u vad\u012bba"},"content":{"rendered":"<p>Digital clock thermostat with weekly program, operation via app, direct Bluetooth Low Energy (BLE) connection between app and RAMSES BLE, no communication via the Internet, convenient settings via app with intuitive operation from smartphone or tablet, increased ease of use, no display on the device, changeable basic programs, programmable switching times, optimization function, frost protection<\/p>\n<p><a href=\"https:\/\/www.theben.de\/product\/8120150\/operating-instructions\" target=\"_blank\" rel=\"noopener\">Lejupiel\u0101d\u0113t vair\u0101k inform\u0101cijas<\/a><\/p>\n<p><a href=\"https:\/\/www.theben.de\/product\/8120150\" target=\"_blank\" rel=\"noopener\">Vair\u0101k inform\u0101cijas<\/a><\/p>\n<p>Datu lapa:<br \/>\n<a href=\"https:\/\/www.theben.de\/product\/8120150\/datasheet\" target=\"_blank\" rel=\"noopener\">Skat\u012bt<\/a><\/p>","protected":false},"excerpt":{"rendered":"<p>Digital clock thermostat with weekly program, operation via app, direct Bluetooth Low Energy (BLE) connection between app and RAMSES BLE,<\/p>","protected":false},"featured_media":31907,"template":"","meta":[],"product_brand":[],"product_cat":[913],"product_tag":[],"class_list":{"0":"post-31907","1":"product","2":"type-product","3":"status-publish","4":"has-post-thumbnail","6":"product_cat-smartphone-control","8":"first","9":"instock","10":"taxable","11":"shipping-taxable","12":"purchasable","13":"product-type-simple"},"_links":{"self":[{"href":"https:\/\/shop.vallin.lv\/lv\/wp-json\/wp\/v2\/product\/31907","targetHints":{"allow":["GET"]}}],"collection":[{"href":"https:\/\/shop.vallin.lv\/lv\/wp-json\/wp\/v2\/product"}],"about":[{"href":"https:\/\/shop.vallin.lv\/lv\/wp-json\/wp\/v2\/types\/product"}],"version-history":[{"count":4,"href":"https:\/\/shop.vallin.lv\/lv\/wp-json\/wp\/v2\/product\/31907\/revisions"}],"predecessor-version":[{"id":68490,"href":"https:\/\/shop.vallin.lv\/lv\/wp-json\/wp\/v2\/product\/31907\/revisions\/68490"}],"wp:featuredmedia":[{"embeddable":true,"href":"https:\/\/shop.vallin.lv\/lv\/wp-json\/wp\/v2\/product\/31907"}],"wp:attachment":[{"href":"https:\/\/shop.vallin.lv\/lv\/wp-json\/wp\/v2\/media?parent=31907"}],"wp:term":[{"taxonomy":"product_brand","embeddable":true,"href":"https:\/\/shop.vallin.lv\/lv\/wp-json\/wp\/v2\/product_brand?post=31907"},{"taxonomy":"product_cat","embeddable":true,"href":"https:\/\/shop.vallin.lv\/lv\/wp-json\/wp\/v2\/product_cat?post=31907"},{"taxonomy":"product_tag","embeddable":true,"href":"https:\/\/shop.vallin.lv\/lv\/wp-json\/wp\/v2\/product_tag?post=31907"}],"curies":[{"name":"wp","href":"https:\/\/api.w.org\/{rel}","templated":true}]}}