{"id":31803,"date":"2025-12-10T20:27:03","date_gmt":"2025-12-10T18:27:03","guid":{"rendered":"https:\/\/shop.vallin.lv\/product\/room-thermostats-changeover-contact-for-heating-or-cooling\/"},"modified":"2026-04-16T14:20:56","modified_gmt":"2026-04-16T12:20:56","slug":"room-thermostats-changeover-contact-for-heating-or-cooling","status":"publish","type":"product","link":"https:\/\/shop.vallin.lv\/lv\/products\/room-thermostats-changeover-contact-for-heating-or-cooling\/","title":{"rendered":"Telpas termostati, p\u0101rsl\u0113g\u0161anas kontakts apkurei vai dzes\u0113\u0161anai"},"content":{"rendered":"<p>Room temperature controller 5-30\u00b0C, with switch and LED for heating ON\/OFF, additional switch and LED for auxiliary heating, color pure white, normally open contact<\/p>\n<p><a href=\"https:\/\/www.theben.de\/product\/7080001\/operating-instructions\" target=\"_blank\" rel=\"noopener\">Lejupiel\u0101d\u0113t vair\u0101k inform\u0101cijas<\/a><\/p>\n<p><a href=\"https:\/\/www.theben.de\/product\/7080001\" target=\"_blank\" rel=\"noopener\">Vair\u0101k inform\u0101cijas<\/a><\/p>\n<p>Datu lapa:<br \/>\n<a href=\"https:\/\/www.theben.de\/product\/7080001\/datasheet\" target=\"_blank\" rel=\"noopener\">Skat\u012bt<\/a><\/p>","protected":false},"excerpt":{"rendered":"<p>Room temperature controller 5-30\u00b0C, with switch and LED for heating ON\/OFF, additional switch and LED for auxiliary heating, color pure<\/p>","protected":false},"featured_media":31803,"template":"","meta":[],"product_brand":[],"product_cat":[915],"product_tag":[],"class_list":{"0":"post-31803","1":"product","2":"type-product","3":"status-publish","4":"has-post-thumbnail","6":"product_cat-mechanical","8":"first","9":"instock","10":"taxable","11":"shipping-taxable","12":"product-type-simple"},"_links":{"self":[{"href":"https:\/\/shop.vallin.lv\/lv\/wp-json\/wp\/v2\/product\/31803","targetHints":{"allow":["GET"]}}],"collection":[{"href":"https:\/\/shop.vallin.lv\/lv\/wp-json\/wp\/v2\/product"}],"about":[{"href":"https:\/\/shop.vallin.lv\/lv\/wp-json\/wp\/v2\/types\/product"}],"version-history":[{"count":4,"href":"https:\/\/shop.vallin.lv\/lv\/wp-json\/wp\/v2\/product\/31803\/revisions"}],"predecessor-version":[{"id":68460,"href":"https:\/\/shop.vallin.lv\/lv\/wp-json\/wp\/v2\/product\/31803\/revisions\/68460"}],"wp:featuredmedia":[{"embeddable":true,"href":"https:\/\/shop.vallin.lv\/lv\/wp-json\/wp\/v2\/product\/31803"}],"wp:attachment":[{"href":"https:\/\/shop.vallin.lv\/lv\/wp-json\/wp\/v2\/media?parent=31803"}],"wp:term":[{"taxonomy":"product_brand","embeddable":true,"href":"https:\/\/shop.vallin.lv\/lv\/wp-json\/wp\/v2\/product_brand?post=31803"},{"taxonomy":"product_cat","embeddable":true,"href":"https:\/\/shop.vallin.lv\/lv\/wp-json\/wp\/v2\/product_cat?post=31803"},{"taxonomy":"product_tag","embeddable":true,"href":"https:\/\/shop.vallin.lv\/lv\/wp-json\/wp\/v2\/product_tag?post=31803"}],"curies":[{"name":"wp","href":"https:\/\/api.w.org\/{rel}","templated":true}]}}