{"id":31801,"date":"2025-12-10T20:27:02","date_gmt":"2025-12-10T18:27:02","guid":{"rendered":"https:\/\/shop.vallin.lv\/product\/room-thermostats-switch-for-heating-and-auxiliary-heating-2-indicator-lights\/"},"modified":"2026-01-22T15:15:02","modified_gmt":"2026-01-22T13:15:02","slug":"room-thermostats-switch-for-heating-and-auxiliary-heating-2-indicator-lights","status":"publish","type":"product","link":"https:\/\/shop.vallin.lv\/lv\/products\/room-thermostats-switch-for-heating-and-auxiliary-heating-2-indicator-lights\/","title":{"rendered":"Telpas termostati, sl\u0113dzis apkurei un papildu apkurei, 2 indikatora gaismas."},"content":{"rendered":"<p>Room temperature controller 5-30\u00b0C, with switch for heating ON\/OFF, additional switch and LED for additional heating, wall housing, color pure white, normally closed<\/p>\n<p><a href=\"https:\/\/www.theben.de\/product\/7070001\/operating-instructions\" target=\"_blank\" rel=\"noopener\">Lejupiel\u0101d\u0113t vair\u0101k inform\u0101cijas<\/a><\/p>\n<p><a href=\"https:\/\/www.theben.de\/product\/7070001\" target=\"_blank\" rel=\"noopener\">Vair\u0101k inform\u0101cijas<\/a><\/p>\n<p>Datu lapa:<br \/>\n<a href=\"https:\/\/www.theben.de\/product\/7070001\/datasheet\" target=\"_blank\" rel=\"noopener\">Skat\u012bt<\/a><\/p>","protected":false},"excerpt":{"rendered":"<p>Room temperature controller 5-30\u00b0C, with switch for heating ON\/OFF, additional switch and LED for additional heating, wall housing, color pure<\/p>","protected":false},"featured_media":0,"template":"","meta":[],"product_brand":[],"product_cat":[915],"product_tag":[],"class_list":{"0":"post-31801","1":"product","2":"type-product","3":"status-publish","5":"product_cat-mechanical","7":"first","8":"outofstock","9":"taxable","10":"shipping-taxable","11":"product-type-simple"},"_links":{"self":[{"href":"https:\/\/shop.vallin.lv\/lv\/wp-json\/wp\/v2\/product\/31801","targetHints":{"allow":["GET"]}}],"collection":[{"href":"https:\/\/shop.vallin.lv\/lv\/wp-json\/wp\/v2\/product"}],"about":[{"href":"https:\/\/shop.vallin.lv\/lv\/wp-json\/wp\/v2\/types\/product"}],"version-history":[{"count":4,"href":"https:\/\/shop.vallin.lv\/lv\/wp-json\/wp\/v2\/product\/31801\/revisions"}],"predecessor-version":[{"id":68459,"href":"https:\/\/shop.vallin.lv\/lv\/wp-json\/wp\/v2\/product\/31801\/revisions\/68459"}],"wp:attachment":[{"href":"https:\/\/shop.vallin.lv\/lv\/wp-json\/wp\/v2\/media?parent=31801"}],"wp:term":[{"taxonomy":"product_brand","embeddable":true,"href":"https:\/\/shop.vallin.lv\/lv\/wp-json\/wp\/v2\/product_brand?post=31801"},{"taxonomy":"product_cat","embeddable":true,"href":"https:\/\/shop.vallin.lv\/lv\/wp-json\/wp\/v2\/product_cat?post=31801"},{"taxonomy":"product_tag","embeddable":true,"href":"https:\/\/shop.vallin.lv\/lv\/wp-json\/wp\/v2\/product_tag?post=31801"}],"curies":[{"name":"wp","href":"https:\/\/api.w.org\/{rel}","templated":true}]}}