{"id":31738,"date":"2025-12-10T20:26:05","date_gmt":"2025-12-10T18:26:05","guid":{"rendered":"https:\/\/shop.vallin.lv\/product\/4-channel-series-mounted-annual-time-switch-obelisk-interface\/"},"modified":"2026-01-22T15:14:58","modified_gmt":"2026-01-22T13:14:58","slug":"4-channel-series-mounted-annual-time-switch-obelisk-interface","status":"publish","type":"product","link":"https:\/\/shop.vallin.lv\/lv\/products\/4-channel-series-mounted-annual-time-switch-obelisk-interface\/","title":{"rendered":"4-kan\u0101lu s\u0113rijas uzst\u0101d\u012bts gada laika sl\u0113dzis, OBELISK interfeiss"},"content":{"rendered":"<p>4-channel annual time switch, series installation housing, width 4 TE, annual and astro program, interface for OBELISK top2 memory card (PC programming), 6-year power reserve (lithium battery), automatic summer\/winter time changeover, ON\/OFF switching times, pulse program, cycle program, extensive annual clock functions, astronomical switching function (automatic calculation of sunrise and sunset times for the whole year), Astro offset, astro pulse, switching preselection, continuous ON\/OFF switching, sequence timer, integrated operating hours counter, external button\/switch input, vacation program, 2 random programs, display lighting (can be switched off), PIN coding, zero crossing switching, DuoFix spring plug terminals for 2 conductors each<\/p>\n<p><a href=\"https:\/\/www.theben.de\/product\/6440100\/operating-instructions\" target=\"_blank\" rel=\"noopener\">Lejupiel\u0101d\u0113t vair\u0101k inform\u0101cijas<\/a><\/p>\n<p><a href=\"https:\/\/www.theben.de\/product\/6440100\" target=\"_blank\" rel=\"noopener\">Vair\u0101k inform\u0101cijas<\/a><\/p>\n<p>Datu lapa:<br \/>\n<a href=\"https:\/\/www.theben.de\/product\/6440100\/datasheet\" target=\"_blank\" rel=\"noopener\">Skat\u012bt<\/a><\/p>","protected":false},"excerpt":{"rendered":"<p>4-channel annual time switch, series installation housing, width 4 TE, annual and astro program, interface for OBELISK top2 memory card<\/p>","protected":false},"featured_media":0,"template":"","meta":[],"product_brand":[],"product_cat":[929],"product_tag":[],"class_list":{"0":"post-31738","1":"product","2":"type-product","3":"status-publish","5":"product_cat-din-digital-timers","7":"first","8":"outofstock","9":"taxable","10":"shipping-taxable","11":"product-type-simple"},"_links":{"self":[{"href":"https:\/\/shop.vallin.lv\/lv\/wp-json\/wp\/v2\/product\/31738","targetHints":{"allow":["GET"]}}],"collection":[{"href":"https:\/\/shop.vallin.lv\/lv\/wp-json\/wp\/v2\/product"}],"about":[{"href":"https:\/\/shop.vallin.lv\/lv\/wp-json\/wp\/v2\/types\/product"}],"version-history":[{"count":4,"href":"https:\/\/shop.vallin.lv\/lv\/wp-json\/wp\/v2\/product\/31738\/revisions"}],"predecessor-version":[{"id":68443,"href":"https:\/\/shop.vallin.lv\/lv\/wp-json\/wp\/v2\/product\/31738\/revisions\/68443"}],"wp:attachment":[{"href":"https:\/\/shop.vallin.lv\/lv\/wp-json\/wp\/v2\/media?parent=31738"}],"wp:term":[{"taxonomy":"product_brand","embeddable":true,"href":"https:\/\/shop.vallin.lv\/lv\/wp-json\/wp\/v2\/product_brand?post=31738"},{"taxonomy":"product_cat","embeddable":true,"href":"https:\/\/shop.vallin.lv\/lv\/wp-json\/wp\/v2\/product_cat?post=31738"},{"taxonomy":"product_tag","embeddable":true,"href":"https:\/\/shop.vallin.lv\/lv\/wp-json\/wp\/v2\/product_tag?post=31738"}],"curies":[{"name":"wp","href":"https:\/\/api.w.org\/{rel}","templated":true}]}}