{"id":31713,"date":"2025-12-10T20:25:53","date_gmt":"2025-12-10T18:25:53","guid":{"rendered":"https:\/\/shop.vallin.lv\/product\/digital-time-switch-with-plug-in-base-1-channel-7-t-vacation-imp-cycle\/"},"modified":"2026-04-16T14:20:31","modified_gmt":"2026-04-16T12:20:31","slug":"digital-time-switch-with-plug-in-base-1-channel-7-t-vacation-imp-cycle","status":"publish","type":"product","link":"https:\/\/shop.vallin.lv\/lv\/products\/digital-time-switch-with-plug-in-base-1-channel-7-t-vacation-imp-cycle\/","title":{"rendered":"Digit\u0101lais laika sl\u0113dzis ar spraudni b\u0101ze, 1 kan\u0101ls, 7 T, br\u012bvdienas, Imp., cikls"},"content":{"rendered":"<p>Digital time switch with plug-in base for wall mounting, front frame 72x72mm, text-oriented user guidance and backlit display, interface for OBELISK top2 memory card, power reserve and programmed summer\/winter time changeover. Daily and weekly program, holiday, pulse, and cycle program, 2 random programs, sequence timer, continuous ON\/OFF\/AUTO switching, switching preselection, 84 memory locations, PIN coding, 1 channel<\/p>\n<p><a href=\"https:\/\/www.theben.de\/product\/6350100\/operating-instructions\" target=\"_blank\" rel=\"noopener\">Lejupiel\u0101d\u0113t vair\u0101k inform\u0101cijas<\/a><\/p>\n<p><a href=\"https:\/\/www.theben.de\/product\/6350100\" target=\"_blank\" rel=\"noopener\">Vair\u0101k inform\u0101cijas<\/a><\/p>\n<p>Datu lapa:<br \/>\n<a href=\"https:\/\/www.theben.de\/product\/6350100\/datasheet\" target=\"_blank\" rel=\"noopener\">Skat\u012bt<\/a><\/p>","protected":false},"excerpt":{"rendered":"<p>Digital time switch with plug-in base for wall mounting, front frame 72x72mm, text-oriented user guidance and backlit display, interface for<\/p>","protected":false},"featured_media":31713,"template":"","meta":[],"product_brand":[],"product_cat":[929],"product_tag":[],"class_list":{"0":"post-31713","1":"product","2":"type-product","3":"status-publish","4":"has-post-thumbnail","6":"product_cat-din-digital-timers","8":"first","9":"outofstock","10":"taxable","11":"shipping-taxable","12":"purchasable","13":"product-type-simple"},"_links":{"self":[{"href":"https:\/\/shop.vallin.lv\/lv\/wp-json\/wp\/v2\/product\/31713","targetHints":{"allow":["GET"]}}],"collection":[{"href":"https:\/\/shop.vallin.lv\/lv\/wp-json\/wp\/v2\/product"}],"about":[{"href":"https:\/\/shop.vallin.lv\/lv\/wp-json\/wp\/v2\/types\/product"}],"version-history":[{"count":4,"href":"https:\/\/shop.vallin.lv\/lv\/wp-json\/wp\/v2\/product\/31713\/revisions"}],"predecessor-version":[{"id":68432,"href":"https:\/\/shop.vallin.lv\/lv\/wp-json\/wp\/v2\/product\/31713\/revisions\/68432"}],"wp:featuredmedia":[{"embeddable":true,"href":"https:\/\/shop.vallin.lv\/lv\/wp-json\/wp\/v2\/product\/31713"}],"wp:attachment":[{"href":"https:\/\/shop.vallin.lv\/lv\/wp-json\/wp\/v2\/media?parent=31713"}],"wp:term":[{"taxonomy":"product_brand","embeddable":true,"href":"https:\/\/shop.vallin.lv\/lv\/wp-json\/wp\/v2\/product_brand?post=31713"},{"taxonomy":"product_cat","embeddable":true,"href":"https:\/\/shop.vallin.lv\/lv\/wp-json\/wp\/v2\/product_cat?post=31713"},{"taxonomy":"product_tag","embeddable":true,"href":"https:\/\/shop.vallin.lv\/lv\/wp-json\/wp\/v2\/product_tag?post=31713"}],"curies":[{"name":"wp","href":"https:\/\/api.w.org\/{rel}","templated":true}]}}