{"id":31685,"date":"2025-12-10T20:25:39","date_gmt":"2025-12-10T18:25:39","guid":{"rendered":"https:\/\/shop.vallin.lv\/product\/flush-mounted-universal-dimmer-app-control-time-functions\/"},"modified":"2026-04-16T14:23:28","modified_gmt":"2026-04-16T12:23:28","slug":"flush-mounted-universal-dimmer-app-control-time-functions","status":"publish","type":"product","link":"https:\/\/shop.vallin.lv\/lv\/products\/flush-mounted-universal-dimmer-app-control-time-functions\/","title":{"rendered":"Univers\u0101ls reostats, lietot\u0146u vad\u012bba, laika funkcijas"},"content":{"rendered":"<p>Flush-mounted universal dimmer for R, L, and C loads with automatic load detection, operation via push button or app via Bluetooth Low Energy, with extensive time functions, astro functions, and convenience functions such as night interruption, easy installation thanks to particularly compact housing, ideal for all dimmable LEDs, 250 watt dimming power, memory function, stores the last light value set and dims to this value the next time it is switched on, convenient snooze function, adjustable minimum brightness for LEDs, adjustable dimming behavior, adjustable staircase light function, app for Android and iOS, special load setting, Sequential scenes, password protection possible, gentle switching on and off to protect lamps, automatic load type detection, overheating protection against overload, short-circuit protection<\/p>\n<p><a href=\"https:\/\/www.theben.de\/product\/5450130\/operating-instructions\" target=\"_blank\" rel=\"noopener\">Lejupiel\u0101d\u0113t vair\u0101k inform\u0101cijas<\/a><\/p>\n<p><a href=\"https:\/\/www.theben.de\/product\/5450130\" target=\"_blank\" rel=\"noopener\">Vair\u0101k inform\u0101cijas<\/a><\/p>\n<p>Datu lapa:<br \/>\n<a href=\"https:\/\/www.theben.de\/product\/5450130\/datasheet\" target=\"_blank\" rel=\"noopener\">Skat\u012bt<\/a><\/p>","protected":false},"excerpt":{"rendered":"<p>Flush-mounted universal dimmer for R, L, and C loads with automatic load detection, operation via push button or app via<\/p>","protected":false},"featured_media":31685,"template":"","meta":[],"product_brand":[],"product_cat":[906],"product_tag":[],"class_list":{"0":"post-31685","1":"product","2":"type-product","3":"status-publish","4":"has-post-thumbnail","6":"product_cat-built-in-dimmers","8":"first","9":"instock","10":"taxable","11":"shipping-taxable","12":"purchasable","13":"product-type-simple"},"_links":{"self":[{"href":"https:\/\/shop.vallin.lv\/lv\/wp-json\/wp\/v2\/product\/31685","targetHints":{"allow":["GET"]}}],"collection":[{"href":"https:\/\/shop.vallin.lv\/lv\/wp-json\/wp\/v2\/product"}],"about":[{"href":"https:\/\/shop.vallin.lv\/lv\/wp-json\/wp\/v2\/types\/product"}],"version-history":[{"count":4,"href":"https:\/\/shop.vallin.lv\/lv\/wp-json\/wp\/v2\/product\/31685\/revisions"}],"predecessor-version":[{"id":68418,"href":"https:\/\/shop.vallin.lv\/lv\/wp-json\/wp\/v2\/product\/31685\/revisions\/68418"}],"wp:featuredmedia":[{"embeddable":true,"href":"https:\/\/shop.vallin.lv\/lv\/wp-json\/wp\/v2\/product\/31685"}],"wp:attachment":[{"href":"https:\/\/shop.vallin.lv\/lv\/wp-json\/wp\/v2\/media?parent=31685"}],"wp:term":[{"taxonomy":"product_brand","embeddable":true,"href":"https:\/\/shop.vallin.lv\/lv\/wp-json\/wp\/v2\/product_brand?post=31685"},{"taxonomy":"product_cat","embeddable":true,"href":"https:\/\/shop.vallin.lv\/lv\/wp-json\/wp\/v2\/product_cat?post=31685"},{"taxonomy":"product_tag","embeddable":true,"href":"https:\/\/shop.vallin.lv\/lv\/wp-json\/wp\/v2\/product_tag?post=31685"}],"curies":[{"name":"wp","href":"https:\/\/api.w.org\/{rel}","templated":true}]}}