{"id":31394,"date":"2025-12-10T20:22:00","date_gmt":"2025-12-10T18:22:00","guid":{"rendered":"https:\/\/shop.vallin.lv\/product\/knx-switching-actuator-4-way-c-load-2\/"},"modified":"2026-04-16T14:21:33","modified_gmt":"2026-04-16T12:21:33","slug":"knx-switching-actuator-4-way-c-load-2","status":"publish","type":"product","link":"https:\/\/shop.vallin.lv\/lv\/products\/knx-switching-actuator-4-way-c-load-2\/","title":{"rendered":"KNX komut\u0101cijas izpildmeh\u0101nisms 4 kan\u0101lu, C slodze"},"content":{"rendered":"<p>KNX switching actuator with relay outputs for 4 switching channels, series installation housing width 4 TE, C load, LED switching status indicator for each channel, manual switch with status indicator (even without bus voltage), links, contact type (normally open\/normally closed) and participation in central commands such as permanent on, permanent off, central switching and scene storage\/retrieval, switching functions: On\/off, pulse, on\/off delay, staircase lighting with warning according to DIN 18015-2, logical links: lock, AND, enable, OR. Feedback object for each channel, central objects with and without priority, call up and save scenes (object), scene object for each channel<\/p>\n<p><a href=\"https:\/\/www.theben.de\/product\/4940223\/operating-instructions\" target=\"_blank\" rel=\"noopener\">Lejupiel\u0101d\u0113t vair\u0101k inform\u0101cijas<\/a><\/p>\n<p><a href=\"https:\/\/www.theben.de\/product\/4940223\" target=\"_blank\" rel=\"noopener\">Vair\u0101k inform\u0101cijas<\/a><\/p>\n<p>Datu lapa:<br \/>\n<a href=\"https:\/\/www.theben.de\/product\/4940223\/datasheet\" target=\"_blank\" rel=\"noopener\">Skat\u012bt<\/a><\/p>","protected":false},"excerpt":{"rendered":"<p>KNX switching actuator with relay outputs for 4 switching channels, series installation housing width 4 TE, C load, LED switching<\/p>","protected":false},"featured_media":31394,"template":"","meta":[],"product_brand":[],"product_cat":[826],"product_tag":[],"class_list":{"0":"post-31394","1":"product","2":"type-product","3":"status-publish","4":"has-post-thumbnail","6":"product_cat-actuators-and-gateways","8":"first","9":"outofstock","10":"taxable","11":"shipping-taxable","12":"purchasable","13":"product-type-simple"},"_links":{"self":[{"href":"https:\/\/shop.vallin.lv\/lv\/wp-json\/wp\/v2\/product\/31394","targetHints":{"allow":["GET"]}}],"collection":[{"href":"https:\/\/shop.vallin.lv\/lv\/wp-json\/wp\/v2\/product"}],"about":[{"href":"https:\/\/shop.vallin.lv\/lv\/wp-json\/wp\/v2\/types\/product"}],"version-history":[{"count":4,"href":"https:\/\/shop.vallin.lv\/lv\/wp-json\/wp\/v2\/product\/31394\/revisions"}],"predecessor-version":[{"id":68331,"href":"https:\/\/shop.vallin.lv\/lv\/wp-json\/wp\/v2\/product\/31394\/revisions\/68331"}],"wp:featuredmedia":[{"embeddable":true,"href":"https:\/\/shop.vallin.lv\/lv\/wp-json\/wp\/v2\/product\/31394"}],"wp:attachment":[{"href":"https:\/\/shop.vallin.lv\/lv\/wp-json\/wp\/v2\/media?parent=31394"}],"wp:term":[{"taxonomy":"product_brand","embeddable":true,"href":"https:\/\/shop.vallin.lv\/lv\/wp-json\/wp\/v2\/product_brand?post=31394"},{"taxonomy":"product_cat","embeddable":true,"href":"https:\/\/shop.vallin.lv\/lv\/wp-json\/wp\/v2\/product_cat?post=31394"},{"taxonomy":"product_tag","embeddable":true,"href":"https:\/\/shop.vallin.lv\/lv\/wp-json\/wp\/v2\/product_tag?post=31394"}],"curies":[{"name":"wp","href":"https:\/\/api.w.org\/{rel}","templated":true}]}}