{"id":31390,"date":"2025-12-10T20:21:58","date_gmt":"2025-12-10T18:21:58","guid":{"rendered":"https:\/\/shop.vallin.lv\/product\/knx-switch-actuator-8-channels-25-a-c-load\/"},"modified":"2026-04-16T14:21:27","modified_gmt":"2026-04-16T12:21:27","slug":"knx-switch-actuator-8-channels-25-a-c-load","status":"publish","type":"product","link":"https:\/\/shop.vallin.lv\/lv\/products\/knx-switch-actuator-8-channels-25-a-c-load\/","title":{"rendered":"KNX sl\u0113d\u017ea izpildmeh\u0101nisms, 8 kan\u0101li, 25 A, C slodze"},"content":{"rendered":"<p>KNX 8-way switching actuator, 25 A, with relay outputs for 8 switching channels, series installation housing, width 8 TE, C load, LED switching status indicator for each channel, manual switch with status indicator (even without bus voltage), links, contact type (normally open\/normally closed) and participation in central commands such as permanent on, permanent off, central switching and scene save\/recall, switching functions: On\/Off, Pulse, On\/Off delay, Staircase lighting with warning according to DIN 18015-2, logical links: Lock, AND, Enable, OR, Feedback object for each channel, Central objects with and without priority, Recall and save scenes (object), Scene object for each channel<\/p>\n<p><a href=\"https:\/\/www.theben.de\/product\/4940217\/operating-instructions\" target=\"_blank\" rel=\"noopener\">Lejupiel\u0101d\u0113t vair\u0101k inform\u0101cijas<\/a><\/p>\n<p><a href=\"https:\/\/www.theben.de\/product\/4940217\" target=\"_blank\" rel=\"noopener\">Vair\u0101k inform\u0101cijas<\/a><\/p>\n<p>Datu lapa:<br \/>\n<a href=\"https:\/\/www.theben.de\/product\/4940217\/datasheet\" target=\"_blank\" rel=\"noopener\">Skat\u012bt<\/a><\/p>","protected":false},"excerpt":{"rendered":"<p>KNX 8-way switching actuator, 25 A, with relay outputs for 8 switching channels, series installation housing, width 8 TE, C<\/p>","protected":false},"featured_media":31390,"template":"","meta":[],"product_brand":[],"product_cat":[826],"product_tag":[],"class_list":{"0":"post-31390","1":"product","2":"type-product","3":"status-publish","4":"has-post-thumbnail","6":"product_cat-actuators-and-gateways","8":"first","9":"outofstock","10":"taxable","11":"shipping-taxable","12":"purchasable","13":"product-type-simple"},"_links":{"self":[{"href":"https:\/\/shop.vallin.lv\/lv\/wp-json\/wp\/v2\/product\/31390","targetHints":{"allow":["GET"]}}],"collection":[{"href":"https:\/\/shop.vallin.lv\/lv\/wp-json\/wp\/v2\/product"}],"about":[{"href":"https:\/\/shop.vallin.lv\/lv\/wp-json\/wp\/v2\/types\/product"}],"version-history":[{"count":4,"href":"https:\/\/shop.vallin.lv\/lv\/wp-json\/wp\/v2\/product\/31390\/revisions"}],"predecessor-version":[{"id":68329,"href":"https:\/\/shop.vallin.lv\/lv\/wp-json\/wp\/v2\/product\/31390\/revisions\/68329"}],"wp:featuredmedia":[{"embeddable":true,"href":"https:\/\/shop.vallin.lv\/lv\/wp-json\/wp\/v2\/product\/31390"}],"wp:attachment":[{"href":"https:\/\/shop.vallin.lv\/lv\/wp-json\/wp\/v2\/media?parent=31390"}],"wp:term":[{"taxonomy":"product_brand","embeddable":true,"href":"https:\/\/shop.vallin.lv\/lv\/wp-json\/wp\/v2\/product_brand?post=31390"},{"taxonomy":"product_cat","embeddable":true,"href":"https:\/\/shop.vallin.lv\/lv\/wp-json\/wp\/v2\/product_cat?post=31390"},{"taxonomy":"product_tag","embeddable":true,"href":"https:\/\/shop.vallin.lv\/lv\/wp-json\/wp\/v2\/product_tag?post=31390"}],"curies":[{"name":"wp","href":"https:\/\/api.w.org\/{rel}","templated":true}]}}